{"id":6839,"date":"2022-04-29T16:15:03","date_gmt":"2022-04-29T15:15:03","guid":{"rendered":"https:\/\/pipiter-joga.hu\/?page_id=6839"},"modified":"2022-04-29T16:15:03","modified_gmt":"2022-04-29T15:15:03","slug":"anyagok-a-napudvozletrol","status":"publish","type":"page","link":"https:\/\/pipiter-joga.hu\/en\/anyagok-a-napudvozletrol\/","title":{"rendered":"Anyagok a Nap\u00fcdv\u00f6zletr\u0151l"},"content":{"rendered":"<p>A Nap\u00fcdv\u00f6zletr\u0151l sz\u00fcletett blogbejegyz\u00e9s: <a rel=\"noreferrer noopener\" href=\"https:\/\/pipiter-joga.hu\/en\/2018\/12\/02\/mire-figyelj-napudvozletezes-soran\/\" data-type=\"post\" data-id=\"780\" target=\"_blank\">Mire figyelj Nap\u00fcdv\u00f6zletez\u00e9s sor\u00e1n?<\/a><\/p>\n\n\n\n<p><a href=\"https:\/\/www.youtube.com\/watch?v=o8t6LPRTWvo&amp;feature=youtu.be\" target=\"_blank\" rel=\"noreferrer noopener\">Kezd\u0151knek sz\u00f3l\u00f3 vide\u00f3 a youtube-csatorn\u00e1mon<\/a>.<\/p>\n\n\n\n<p>\u00c9s egy let\u00f6lthet\u0151 pdf a gyakorlatsorr\u00f3l:<\/p>\n\n\n\n<div class=\"wp-block-file\"><a href=\"https:\/\/pipiter-joga.hu\/wp-content\/uploads\/2022\/04\/Napudvozlet.pdf\">Nap\u00fcdv\u00f6zlet<\/a><a href=\"https:\/\/pipiter-joga.hu\/wp-content\/uploads\/2022\/04\/Napudvozlet.pdf\" class=\"wp-block-file__button\" download>Let\u00f6lt\u00e9s<\/a><\/div>\n\n\n\n<p>J\u00f3 gyakorl\u00e1st k\u00edv\u00e1nok!<br>Namaste &lt;3<\/p>\n\n\n\n<p>Bori<\/p>","protected":false},"excerpt":{"rendered":"<p>A Nap\u00fcdv\u00f6zletr\u0151l sz\u00fcletett blogbejegyz\u00e9s: Mire figyelj Nap\u00fcdv\u00f6zletez\u00e9s sor\u00e1n? Kezd\u0151knek sz\u00f3l\u00f3 vide\u00f3 a youtube-csatorn\u00e1mon. \u00c9s egy let\u00f6lthet\u0151 pdf a gyakorlatsorr\u00f3l: J\u00f3 gyakorl\u00e1st k\u00edv\u00e1nok!Namaste &lt;3 Bori<\/p>","protected":false},"author":1,"featured_media":0,"parent":0,"menu_order":0,"comment_status":"closed","ping_status":"closed","template":"","meta":{"pmpro_default_level":"","footnotes":""},"class_list":["post-6839","page","type-page","status-publish","hentry","pmpro-has-access"],"_links":{"self":[{"href":"https:\/\/pipiter-joga.hu\/en\/wp-json\/wp\/v2\/pages\/6839","targetHints":{"allow":["GET"]}}],"collection":[{"href":"https:\/\/pipiter-joga.hu\/en\/wp-json\/wp\/v2\/pages"}],"about":[{"href":"https:\/\/pipiter-joga.hu\/en\/wp-json\/wp\/v2\/types\/page"}],"author":[{"embeddable":true,"href":"https:\/\/pipiter-joga.hu\/en\/wp-json\/wp\/v2\/users\/1"}],"replies":[{"embeddable":true,"href":"https:\/\/pipiter-joga.hu\/en\/wp-json\/wp\/v2\/comments?post=6839"}],"version-history":[{"count":1,"href":"https:\/\/pipiter-joga.hu\/en\/wp-json\/wp\/v2\/pages\/6839\/revisions"}],"predecessor-version":[{"id":6848,"href":"https:\/\/pipiter-joga.hu\/en\/wp-json\/wp\/v2\/pages\/6839\/revisions\/6848"}],"wp:attachment":[{"href":"https:\/\/pipiter-joga.hu\/en\/wp-json\/wp\/v2\/media?parent=6839"}],"curies":[{"name":"wp","href":"https:\/\/api.w.org\/{rel}","templated":true}]}}