{"id":660,"date":"2018-09-04T08:58:21","date_gmt":"2018-09-04T07:58:21","guid":{"rendered":"https:\/\/pipiter-joga.hu\/?page_id=660"},"modified":"2022-10-29T14:43:39","modified_gmt":"2022-10-29T13:43:39","slug":"noikor","status":"publish","type":"page","link":"https:\/\/pipiter-joga.hu\/en\/ws\/noikor\/","title":{"rendered":"\u00c1szan\u00e1z\u00e1s \u00e9s medit\u00e1ci\u00f3 N\u0150I K\u00d6Rben"},"content":{"rendered":"<h2 class=\"wp-block-heading\">~\u273c~\u273c~ Pipit\u00e9r Koszor\u00fa ~\u273c~\u273c~<\/h2>\n\n\n<div class=\"gmail_default\"><img loading=\"lazy\" decoding=\"async\" class=\"size-medium wp-image-675 alignleft\" src=\"https:\/\/pipiter-joga.hu\/wp-content\/uploads\/2018\/09\/spring-wreath-greenery-fern-wildflower-peony-forsythia-ranunculus_1024x1024-300x300.jpg\" alt=\"\" width=\"300\" height=\"300\" srcset=\"https:\/\/pipiter-joga.hu\/wp-content\/uploads\/2018\/09\/spring-wreath-greenery-fern-wildflower-peony-forsythia-ranunculus_1024x1024-300x300.jpg 300w, https:\/\/pipiter-joga.hu\/wp-content\/uploads\/2018\/09\/spring-wreath-greenery-fern-wildflower-peony-forsythia-ranunculus_1024x1024-150x150.jpg 150w, https:\/\/pipiter-joga.hu\/wp-content\/uploads\/2018\/09\/spring-wreath-greenery-fern-wildflower-peony-forsythia-ranunculus_1024x1024-768x768.jpg 768w, https:\/\/pipiter-joga.hu\/wp-content\/uploads\/2018\/09\/spring-wreath-greenery-fern-wildflower-peony-forsythia-ranunculus_1024x1024-612x612.jpg 612w, https:\/\/pipiter-joga.hu\/wp-content\/uploads\/2018\/09\/spring-wreath-greenery-fern-wildflower-peony-forsythia-ranunculus_1024x1024-936x936.jpg 936w, https:\/\/pipiter-joga.hu\/wp-content\/uploads\/2018\/09\/spring-wreath-greenery-fern-wildflower-peony-forsythia-ranunculus_1024x1024-720x720.jpg 720w, https:\/\/pipiter-joga.hu\/wp-content\/uploads\/2018\/09\/spring-wreath-greenery-fern-wildflower-peony-forsythia-ranunculus_1024x1024.jpg 1024w\" sizes=\"auto, (max-width: 300px) 100vw, 300px\" \/> &#8212; A n\u0151i k\u00f6r\u00f6s foglalkoz\u00e1sok bizonytalan ideig sz\u00fcnetelnek, mivel az j\u00f6tt \u00fczenetben, hogy most sz\u00fcks\u00e9g lenne ink\u00e1bb olyan lehet\u0151s\u00e9gre, olyan k\u00f6rre, amelybe f\u00e9rfiak is be tudnak kapcsol\u00f3dni, ez lett az <a href=\"https:\/\/pipiter-joga.hu\/en\/tanitas-eloadas\/\">\u00daj Korszakr\u00f3l sz\u00f3l\u00f3 tan\u00edt\u00e1s<\/a>&#8230; Ett\u0151l m\u00e9g hasznosak nagyon a n\u0151i k\u00f6r\u00f6k is, egyre t\u00f6bb van, \u00edgy biztosan tal\u00e1lsz, ha szeretn\u00e9l, de sz\u00e1momra most m\u00e1s feladat ny\u00edlt&#8230; <span class=\"x193iq5w xeuugli x13faqbe x1vvkbs x1xmvt09 x1lliihq x1s928wv xhkezso x1gmr53x x1cpjm7i x1fgarty x1943h6x xudqn12 x3x7a5m x6prxxf xvq8zen xo1l8bm xzsf02u x1yc453h\" dir=\"auto\"><span class=\"x3nfvp2 x1j61x8r x1fcty0u xdj266r xhhsvwb xat24cr xgzva0m xxymvpz xlup9mm x1kky2od\"><img loading=\"lazy\" decoding=\"async\" src=\"https:\/\/static.xx.fbcdn.net\/images\/emoji.php\/v9\/t80\/1\/16\/1f64f.png\" alt=\"\ud83d\ude4f\" width=\"16\" height=\"16\" \/><\/span><span class=\"x3nfvp2 x1j61x8r x1fcty0u xdj266r xhhsvwb xat24cr xgzva0m xxymvpz xlup9mm x1kky2od\"><img loading=\"lazy\" decoding=\"async\" src=\"https:\/\/static.xx.fbcdn.net\/images\/emoji.php\/v9\/t6a\/1\/16\/1f497.png\" alt=\"\ud83d\udc97\" width=\"16\" height=\"16\" \/><\/span> Bori\u00a0\u00a0 <\/span>&#8212;<\/div>\n<div>&#8212;&#8212;&#8212;&#8212;&#8212;&#8212;&#8212;&#8212;&#8212;&#8212;&#8212;&#8212;&#8212;&#8212;&#8212;&#8212;&#8212;&#8212;&#8212;-<\/div>\n<div>\u00a0<\/div>\n<div class=\"gmail_default\">A n\u0151i k\u00f6r\u00f6s foglalkoz\u00e1sokon azok vehetnek r\u00e9szt, akik elv\u00e9gezt\u00e9k a Bevezet\u00e9s a medit\u00e1ci\u00f3ba sorozatot, vagy r\u00e9szt vettek j\u00f3gat\u00e1borban, azaz akik tiszt\u00e1ban vannak az alapokkal.<\/div>\n<div class=\"gmail_default\">Ezeken az alkalmakon \u00e1szan\u00e1zunk, relax\u00e1lunk, ut\u00e1na tudatoss\u00e1ggal, fejl\u0151d\u00e9ssel kapcsolatban k\u00e9rdezz-felelek&#8230;<\/div>\n<div>\u00a0<\/div>\n<div class=\"gmail_default\">Ezt k\u00f6vet\u0151en mantr\u00e1zunk, ill. m\u00e9htiszt\u00edt\u00f3 gyakorlatot vagy k\u00fcl\u00f6nb\u00f6z\u0151 medit\u00e1ci\u00f3s gyakorlatokat v\u00e9gz\u00fcnk.<\/div>\n<div class=\"gmail_default\">C\u00e9lunk hogy tudatosabb\u00e1 v\u00e1ljunk n\u0151is\u00e9g\u00fcnkben, \u00e9s feldolgozzuk a fesz\u00fclts\u00e9geket a k\u00fcl\u00f6nb\u00f6z\u0151 szerepekkel, \u00e9letszakaszokkal, -esem\u00e9nyekkel kapcsolatban, hogy v\u00e9g\u00fcl objekt\u00edva(bba)n l\u00e1ssuk, \u00e9s \u00edgy meg\u00e9rts\u00fck, mit kell a helyzetb\u0151l tanulnunk, hogyan tudunk \u00e1ltala fejl\u0151dni mint n\u0151 \u00e9s mint ember.<\/div>\n<div>\u00a0<\/div>\n<div class=\"gmail_default\">P\u00e1r t\u00e9ma a foglalkoz\u00e1sokr\u00f3l: biztons\u00e1g; bizalom, \u0151s\u00f6k, gy\u00f6kerek; \u00f6nbizalom; elfogad\u00e1s, befogad\u00e1s; f\u00e9rfi \u00e9s n\u0151i archet\u00edpusok&#8230;<\/div>\n<div>\u00a0<\/div>\n<div class=\"gmail_default\">Az \u00e1szan\u00e1k (tart\u00e1sok, p\u00f3zok), amelyeket kb. egy \u00f3r\u00e1n \u00e1t v\u00e9gz\u00fcnk, szint\u00e9n seg\u00edtik a n\u0151is\u00e9g tudatosabb meg\u00e9l\u00e9s\u00e9t &#8211; err\u0151l b\u0151vebben itt olvashatsz: <a href=\"https:\/\/l.facebook.com\/l.php?u=https%3A%2F%2Fpipiter-joga.hu%2Fnoijoga&amp;h=AT2XwoZ6QM1XAhPEvGP1e605TA_opYnmIvm543WojkbcPmxhxji4KbvKu_CPJaf1eYZw1TdCwgbpXUFAuc_n05jTjmzXegc39s1CExIvWOVzFR2lbcnWuu-WguMWiy7wb9Y\" target=\"_blank\" rel=\"nofollow noopener noreferrer\" data-lynx-mode=\"hover\">https:\/\/pipiter-joga.hu\/noijoga<\/a><\/div>\n<div class=\"gmail_default\">A g\u00e1tizomtorna is azt t\u00e1mogatja, hogy a n\u0151i l\u00e9t\u00fcnkkel &#8222;kib\u00e9k\u00fclj\u00fcnk&#8221;, kioldjunk kor\u00e1bbi vagy aktu\u00e1lis fesz\u00fclts\u00e9geket &#8211; \u00e9s nem mell\u00e9kesen fizikai szinten is javulni, gy\u00f3gyulni tudunk vele (inkontinencia, g\u00f6rcs\u00f6s menstru\u00e1ci\u00f3, arany\u00e9r, h\u00fcvelys\u00e9rv, mi\u00f3ma, ciszta, h\u00fcvelysz\u00e1razs\u00e1g. stb.).<\/div>\n<div>\u00a0<\/div>\n<div>\u00a0<\/div>\n<div class=\"gmail_default\">Kezd\u0151knek el\u0151sz\u00f6r a Bevezet\u00e9s a medit\u00e1ci\u00f3ba sorozatot aj\u00e1nlom, az 2020-as d\u00e1tumokat az <a href=\"https:\/\/pipiter-joga.hu\/en\/esemenyek\/\">Esem\u00e9nyek<\/a> men\u00fcpontban tal\u00e1lod!<\/div>\n<div>\u00a0<\/div>\n<div class=\"gmail_default\">A foglalkoz\u00e1s 3000 Ft. \u00c1f\u00e1s-sz\u00e1mlaig\u00e9nyedet, k\u00e9rlek, el\u0151re jelezd!<\/div>\n<div>\u00a0<\/div>\n<div>\u00a0<\/div>\n<div><strong>A KESZTHELYI csoporthoz <\/strong><strong>lehet folyamatosan csatlakozni<\/strong>! Itt 3500 Ft a r\u00e9szv\u00e9teli d\u00edj (sajnos dr\u00e1ga a terem, ez\u00e9rt a k\u00fcl\u00f6nbs\u00e9g).<\/div>\n<div>\u00a0<\/div>\n<div class=\"gmail_default\">Jelentkez\u00e9s FB-on priv\u00e1t \u00fczenetben vagy e-mailben: pipiter.noi.egeszlet@gmail.com.<\/div>\n<div>\u00a0<\/div>\n<div class=\"gmail_default\">Itt r\u00f3lam is tal\u00e1lsz b\u0151vebb inform\u00e1ci\u00f3t:\u00a0<a href=\"https:\/\/l.facebook.com\/l.php?u=https%3A%2F%2Fpipiter-joga.hu%2Fmagamrol&amp;h=AT3lNZrKbxpba6z9JWxv1GBWEuJO7_7UFpqBjk4Uzt19rzROpKsyropfs_GPDKlwPrurRgcHJ7uvjoj3ntT2QZ_LDqVp5Cq5W21yVlik7M29Cyr48dcjdqsxayqu3PiOZYY\" target=\"_blank\" rel=\"nofollow noopener noreferrer\" data-lynx-mode=\"hover\">https:\/\/pipiter-joga.humagamrol<\/a>.<\/div>\n<div>\u00a0<\/div>\n<div class=\"gmail_default\">Ha k\u00e9rd\u00e9sed lenne, keress b\u00e1tran!<br \/>Szeretettel v\u00e1rlak:<br \/>Bori<\/div>","protected":false},"excerpt":{"rendered":"<p>~\u273c~\u273c~ Pipit\u00e9r Koszor\u00fa ~\u273c~\u273c~ &#8212; A n\u0151i k\u00f6r\u00f6s foglalkoz\u00e1sok bizonytalan ideig sz\u00fcnetelnek, mivel az j\u00f6tt \u00fczenetben, hogy most sz\u00fcks\u00e9g lenne ink\u00e1bb olyan lehet\u0151s\u00e9gre, olyan k\u00f6rre, amelybe f\u00e9rfiak is be tudnak kapcsol\u00f3dni, ez lett az \u00daj Korszakr\u00f3l sz\u00f3l\u00f3 tan\u00edt\u00e1s&#8230; Ett\u0151l m\u00e9g hasznosak nagyon a n\u0151i k\u00f6r\u00f6k is, egyre t\u00f6bb van, \u00edgy biztosan tal\u00e1lsz, ha szeretn\u00e9l, de&#8230; <a href=\"https:\/\/pipiter-joga.hu\/en\/ws\/noikor\/\">Continue reading <span class=\"screen-reader-text\">&#8222;\u00c1szan\u00e1z\u00e1s \u00e9s medit\u00e1ci\u00f3 N\u0150I K\u00d6Rben&#8221;<\/span><\/a><\/p>","protected":false},"author":1,"featured_media":0,"parent":126,"menu_order":0,"comment_status":"closed","ping_status":"closed","template":"","meta":{"pmpro_default_level":"","footnotes":""},"class_list":["post-660","page","type-page","status-publish","hentry","pmpro-has-access"],"_links":{"self":[{"href":"https:\/\/pipiter-joga.hu\/en\/wp-json\/wp\/v2\/pages\/660","targetHints":{"allow":["GET"]}}],"collection":[{"href":"https:\/\/pipiter-joga.hu\/en\/wp-json\/wp\/v2\/pages"}],"about":[{"href":"https:\/\/pipiter-joga.hu\/en\/wp-json\/wp\/v2\/types\/page"}],"author":[{"embeddable":true,"href":"https:\/\/pipiter-joga.hu\/en\/wp-json\/wp\/v2\/users\/1"}],"replies":[{"embeddable":true,"href":"https:\/\/pipiter-joga.hu\/en\/wp-json\/wp\/v2\/comments?post=660"}],"version-history":[{"count":17,"href":"https:\/\/pipiter-joga.hu\/en\/wp-json\/wp\/v2\/pages\/660\/revisions"}],"predecessor-version":[{"id":10365,"href":"https:\/\/pipiter-joga.hu\/en\/wp-json\/wp\/v2\/pages\/660\/revisions\/10365"}],"up":[{"embeddable":true,"href":"https:\/\/pipiter-joga.hu\/en\/wp-json\/wp\/v2\/pages\/126"}],"wp:attachment":[{"href":"https:\/\/pipiter-joga.hu\/en\/wp-json\/wp\/v2\/media?parent=660"}],"curies":[{"name":"wp","href":"https:\/\/api.w.org\/{rel}","templated":true}]}}