{"id":5380,"date":"2021-04-14T09:44:30","date_gmt":"2021-04-14T08:44:30","guid":{"rendered":"https:\/\/pipiter-joga.hu\/?page_id=5380"},"modified":"2022-06-16T10:37:18","modified_gmt":"2022-06-16T09:37:18","slug":"bev-medit-elofizetes","status":"publish","type":"page","link":"https:\/\/pipiter-joga.hu\/en\/bev-medit-elofizetes\/","title":{"rendered":"Bevezet\u00e9s a medit\u00e1ci\u00f3ba &#8211; el\u0151fizet\u00e9s"},"content":{"rendered":"<div class=\"pmpro\">\n<div class=\"pmpro_card pmpro_content_message\">\n<div class=\"pmpro_card_content\">Ezt az oldalt csak el\u0151fizet\u0151k tekinthetik meg.<br \/><a href=\"https:\/\/pipiter-joga.hu\/en\/tagsag\/membership-levels\/\">V\u00e1lassz el\u0151fizet\u00e9st!<\/a><\/div>\n<div class=\"pmpro_card_actions pmpro_font-medium\">Already a member? <a href=\"https:\/\/pipiter-joga.hu\/en\/login\/?redirect_to=https%3A%2F%2Fpipiter-joga.hu%2Fen%2Fbev-medit-elofizetes%2F\">Log in here<\/a><\/div>\n<\/div>\n<\/div>","protected":false},"excerpt":{"rendered":"<div class=\"pmpro\"><div class=\"pmpro_card pmpro_content_message\"><div class=\"pmpro_card_content\">Ezt az oldalt csak el\u0151fizet\u0151k tekinthetik meg.<br \/><a href=\"https:\/\/pipiter-joga.hu\/en\/tagsag\/membership-levels\/\">V\u00e1lassz el\u0151fizet\u00e9st!<\/a><\/div><div class=\"pmpro_card_actions pmpro_font-medium\">Already a member? <a href=\"https:\/\/pipiter-joga.hu\/en\/login\/?redirect_to=https%3A%2F%2Fpipiter-joga.hu%2Fen%2Fbev-medit-elofizetes%2F\">Log in here<\/a><\/div><\/div><\/div>","protected":false},"author":1,"featured_media":0,"parent":0,"menu_order":0,"comment_status":"closed","ping_status":"closed","template":"","meta":{"pmpro_default_level":"","footnotes":""},"class_list":["post-5380","page","type-page","status-publish","hentry","pmpro-level-required","pmpro-level-3","pmpro-no-access"],"_links":{"self":[{"href":"https:\/\/pipiter-joga.hu\/en\/wp-json\/wp\/v2\/pages\/5380","targetHints":{"allow":["GET"]}}],"collection":[{"href":"https:\/\/pipiter-joga.hu\/en\/wp-json\/wp\/v2\/pages"}],"about":[{"href":"https:\/\/pipiter-joga.hu\/en\/wp-json\/wp\/v2\/types\/page"}],"author":[{"embeddable":true,"href":"https:\/\/pipiter-joga.hu\/en\/wp-json\/wp\/v2\/users\/1"}],"replies":[{"embeddable":true,"href":"https:\/\/pipiter-joga.hu\/en\/wp-json\/wp\/v2\/comments?post=5380"}],"version-history":[{"count":34,"href":"https:\/\/pipiter-joga.hu\/en\/wp-json\/wp\/v2\/pages\/5380\/revisions"}],"predecessor-version":[{"id":8201,"href":"https:\/\/pipiter-joga.hu\/en\/wp-json\/wp\/v2\/pages\/5380\/revisions\/8201"}],"wp:attachment":[{"href":"https:\/\/pipiter-joga.hu\/en\/wp-json\/wp\/v2\/media?parent=5380"}],"curies":[{"name":"wp","href":"https:\/\/api.w.org\/{rel}","templated":true}]}}