{"id":5153,"date":"2021-04-05T09:39:52","date_gmt":"2021-04-05T08:39:52","guid":{"rendered":"https:\/\/pipiter-joga.hu\/?page_id=5153"},"modified":"2024-12-29T08:19:13","modified_gmt":"2024-12-29T07:19:13","slug":"mehtisztito-elofizetes","status":"publish","type":"page","link":"https:\/\/pipiter-joga.hu\/en\/mehtisztito-elofizetes\/","title":{"rendered":"M\u00e9htiszt\u00edt\u00f3 gyakorlat &#8211; workshop-vide\u00f3"},"content":{"rendered":"<div class=\"pmpro\">\n<div class=\"pmpro_card pmpro_content_message\">\n<div class=\"pmpro_card_content\">Ezt az oldalt csak el\u0151fizet\u0151k tekinthetik meg.<br \/><a href=\"https:\/\/pipiter-joga.hu\/en\/tagsag\/membership-levels\/\">V\u00e1lassz el\u0151fizet\u00e9st!<\/a><\/div>\n<div class=\"pmpro_card_actions pmpro_font-medium\">Already a member? <a href=\"https:\/\/pipiter-joga.hu\/en\/login\/?redirect_to=https%3A%2F%2Fpipiter-joga.hu%2Fen%2Fmehtisztito-elofizetes%2F\">Log in here<\/a><\/div>\n<\/div>\n<\/div>","protected":false},"excerpt":{"rendered":"<div class=\"pmpro\"><div class=\"pmpro_card pmpro_content_message\"><div class=\"pmpro_card_content\">Ezt az oldalt csak el\u0151fizet\u0151k tekinthetik meg.<br \/><a href=\"https:\/\/pipiter-joga.hu\/en\/tagsag\/membership-levels\/\">V\u00e1lassz el\u0151fizet\u00e9st!<\/a><\/div><div class=\"pmpro_card_actions pmpro_font-medium\">Already a member? <a href=\"https:\/\/pipiter-joga.hu\/en\/login\/?redirect_to=https%3A%2F%2Fpipiter-joga.hu%2Fen%2Fmehtisztito-elofizetes%2F\">Log in here<\/a><\/div><\/div><\/div>","protected":false},"author":1,"featured_media":0,"parent":0,"menu_order":0,"comment_status":"closed","ping_status":"closed","template":"","meta":{"pmpro_default_level":"","footnotes":""},"class_list":["post-5153","page","type-page","status-publish","hentry","pmpro-level-required","pmpro-level-5","pmpro-no-access"],"_links":{"self":[{"href":"https:\/\/pipiter-joga.hu\/en\/wp-json\/wp\/v2\/pages\/5153","targetHints":{"allow":["GET"]}}],"collection":[{"href":"https:\/\/pipiter-joga.hu\/en\/wp-json\/wp\/v2\/pages"}],"about":[{"href":"https:\/\/pipiter-joga.hu\/en\/wp-json\/wp\/v2\/types\/page"}],"author":[{"embeddable":true,"href":"https:\/\/pipiter-joga.hu\/en\/wp-json\/wp\/v2\/users\/1"}],"replies":[{"embeddable":true,"href":"https:\/\/pipiter-joga.hu\/en\/wp-json\/wp\/v2\/comments?post=5153"}],"version-history":[{"count":13,"href":"https:\/\/pipiter-joga.hu\/en\/wp-json\/wp\/v2\/pages\/5153\/revisions"}],"predecessor-version":[{"id":19795,"href":"https:\/\/pipiter-joga.hu\/en\/wp-json\/wp\/v2\/pages\/5153\/revisions\/19795"}],"wp:attachment":[{"href":"https:\/\/pipiter-joga.hu\/en\/wp-json\/wp\/v2\/media?parent=5153"}],"curies":[{"name":"wp","href":"https:\/\/api.w.org\/{rel}","templated":true}]}}