{"id":5113,"date":"2021-04-02T13:57:40","date_gmt":"2021-04-02T12:57:40","guid":{"rendered":"https:\/\/pipiter-joga.hu\/?page_id=5113"},"modified":"2024-05-12T10:34:35","modified_gmt":"2024-05-12T09:34:35","slug":"mehtisztito-gyakorlat-workshop","status":"publish","type":"page","link":"https:\/\/pipiter-joga.hu\/en\/mehtisztito-gyakorlat-workshop\/","title":{"rendered":"M\u00e9htiszt\u00edt\u00f3 gyakorlat (workshop)"},"content":{"rendered":"<h2 class=\"wp-block-heading\">Hat\u00e9kony elenged\u00e9s \u00e9s meg\u00fajul\u00e1s<\/h2>\n\n\n\n<p>Rengeteg fesz\u00fclts\u00e9g, bizonytalans\u00e1g, s\u00e9r\u00fcl\u00e9s, f\u00e9lszegs\u00e9g van benn\u00fcnk a n\u0151is\u00e9g\u00fcnkkel kapcsolatban- az egy\u00e9ni feladatk\u00f6r\u00f6k, \u00e9letek \u00f3ta hordozott karma mellett ott van a tudatunkban\/ energiarendszer\u00fcnkben a v\u00e9rvonalunkban, a kollekt\u00edv tudatban r\u00e9g\u00f3ta gy\u0171l\u0151 sok-sok f\u00e1jdalom, seb, k\u00fcl\u00f6nb\u00f6z\u0151 terhek, traum\u00e1k is&#8230; ez\u00e9rt <strong>nagyon fontos, hogy gy\u00f3gy\u00edtsuk magunkat mint n\u0151t, tiszt\u00edtsuk a n\u0151i min\u0151s\u00e9geinket<\/strong>! Egyre t\u00f6bb hely\u00fctt lehet hallani m\u00e9htiszt\u00edt\u00f3 szertart\u00e1sokr\u00f3l- \u00e9s ez nagyon szuper: mert nem csak mi magunk lesz\u00fcnk jobban, ha foglalkozunk a tudatos tiszt\u00edt\u00e1ssal, hanem a p\u00e1rkapcsolatunk, csal\u00e1dunk, kiskor\u00fa gyerekeink, a v\u00e9rvonalunk, de m\u00e9g a F\u00f6ld eg\u00e9sze is, az emberi kollekt\u00edv tudat is gy\u00f3gyul, k\u00f6nnyebben f\u00e9nyesedik fel, v\u00e1lik szeretetteljesebb\u00e9 a tudatos \u00f6nmunk\u00e1nk \u00e1ltal! <\/p>\n\n\n\n<p>A m\u00e9htiszt\u00edt\u00f3 gyakorlat egy olyan energiamozgat\u00f3 gyakorlat, amivel fel tudjuk gyors\u00edtani a tudatos fejl\u0151d\u00e9s\u00fcnket, hat\u00e9konyabban fel tudjuk tiszt\u00edtani, le tudjuk tenni mind az egy\u00e9ni, mind a csal\u00e1di (gener\u00e1ci\u00f3s), mind a kollekt\u00edv terheket, r\u00e1ad\u00e1sul mindezt \u00f6n\u00e1ll\u00f3an, teh\u00e1t nem kell hozz\u00e1 felt\u00e9tlen szertart\u00e1st csin\u00e1lni, elegend\u0151 r\u00e1sz\u00e1nni napi n\u00e9h\u00e1ny percet.<\/p>\n\n\n<div class=\"wp-block-image\">\n<figure class=\"aligncenter size-large is-resized\"><img loading=\"lazy\" decoding=\"async\" width=\"500\" height=\"525\" src=\"https:\/\/pipiter-joga.hu\/wp-content\/uploads\/2021\/02\/Giggling-Goddess-Womens-Circle-Mandala-500x.png\" alt=\"\" class=\"wp-image-4870\" style=\"aspect-ratio:0.9541284403669725;width:268px;height:auto\" srcset=\"https:\/\/pipiter-joga.hu\/wp-content\/uploads\/2021\/02\/Giggling-Goddess-Womens-Circle-Mandala-500x.png 500w, https:\/\/pipiter-joga.hu\/wp-content\/uploads\/2021\/02\/Giggling-Goddess-Womens-Circle-Mandala-500x-286x300.png 286w\" sizes=\"auto, (max-width: 500px) 100vw, 500px\" \/><\/figure>\n<\/div>\n\n\n<p><br>Mind a tudatos, mind a tudattalan stressz t\u00e1rol\u00f3dik a fizikai \u00e9s energetikai test\u00fcnkben &#8211; \u00e9s n\u0151k\u00e9nt, mivel a m\u00e9h\u00fcnk egyik f\u0151 energiak\u00f6zpontunk, ott hatv\u00e1nyozottan&#8230; (f\u0151k\u00e9nt a nemis\u00e9ggel, n\u0151i er\u0151vel, n\u0151i min\u0151s\u00e9gekkel, n\u0151i \u00f6nbizalommal, bizalommal, kapcsol\u00f3d\u00e1si k\u00e9pess\u00e9g\u00fcnkkel kapcsolatos probl\u00e9m\u00e1ink miatti fesz\u00fclts\u00e9gek)&#8230; A tudatunkban lev\u0151 feldolgozatlan fesz\u00fclts\u00e9gek blokkokat alkotnak, amelyek megakad\u00e1lyozz\u00e1k, hogy \u00e1ramoljon benn\u00fcnk az energia, az \u00e9leter\u0151, a f\u00e9ny. A blokkok massz\u00edvan kihatnak az \u00e9letmin\u0151s\u00e9g\u00fcnkre: a sok blokkt\u00f3l alacsony lesz az energiaszint\u00fcnk, amit\u0151l letargikusak, labilisak, idegesek, szorong\u00f3k, frusztr\u00e1ltak, ak\u00e1r depresszi\u00f3sak lesz\u00fcnk&#8230; \u00e9s azt\u00e1n a fizikai betegs\u00e9gek is megjelennek egy id\u0151 ut\u00e1n. <strong>Az alacsony energiaszint teh\u00e1t nem csak a hangulatunkra, de a fizik\u00e1lis m\u0171k\u00f6d\u00e9s\u00fcnkre is kihat&#8230;<\/strong> Alacsony energiaszinten csak alacsony szint\u0171\/ rezg\u00e9s\u0171 \u00e9rzelmeket tudunk meg\u00e9lni, \u00e9s neh\u00e9znek, s\u00f6t\u00e9tnek l\u00e1tunk, \u00e9l\u00fcnk meg mindent\u2026 <strong>Teh\u00e1t nagyon \u00e1ld\u00e1sos az \u00e9let\u00fcnkre n\u00e9zve, ha tudatosan elkezd\u00fcnk a blokkok felold\u00e1s\u00e1n dolgozni, \u00e9s \u00edgy elkezd benn\u00fcnk jobban \u00e1ramolni az energia, n\u00f6velj\u00fck az energiaszint\u00fcnket, mert magas energiaszinttel magas szinten \u00e9lhet\u00fcnk, azaz magas rezg\u00e9s\u0171 \u00e9rz\u00e9seket tudunk meg\u00e9lni, az \u00e9let\u00fcnk \u00edgy \u00f6r\u00f6mteliv\u00e9, el\u00e9gedett\u00e9, szabadd\u00e1, k\u00f6nnyedd\u00e9&#8230; v\u00e1lik!<\/strong> <\/p>\n\n\n<div class=\"wp-block-image is-resized\">\n<figure class=\"aligncenter size-large\"><img loading=\"lazy\" decoding=\"async\" width=\"828\" height=\"396\" src=\"https:\/\/pipiter-joga.hu\/wp-content\/uploads\/2020\/02\/11828826_733234030139525_7122311605367225781_n-e1440100525638.jpg\" alt=\"\" class=\"wp-image-1465\" style=\"width:400px;height:auto\" srcset=\"https:\/\/pipiter-joga.hu\/wp-content\/uploads\/2020\/02\/11828826_733234030139525_7122311605367225781_n-e1440100525638.jpg 828w, https:\/\/pipiter-joga.hu\/wp-content\/uploads\/2020\/02\/11828826_733234030139525_7122311605367225781_n-e1440100525638-300x143.jpg 300w, https:\/\/pipiter-joga.hu\/wp-content\/uploads\/2020\/02\/11828826_733234030139525_7122311605367225781_n-e1440100525638-768x367.jpg 768w, https:\/\/pipiter-joga.hu\/wp-content\/uploads\/2020\/02\/11828826_733234030139525_7122311605367225781_n-e1440100525638-612x293.jpg 612w, https:\/\/pipiter-joga.hu\/wp-content\/uploads\/2020\/02\/11828826_733234030139525_7122311605367225781_n-e1440100525638-720x344.jpg 720w\" sizes=\"auto, (max-width: 828px) 100vw, 828px\" \/><\/figure>\n<\/div>\n\n\n<p>Mivel egytudati h\u00e1l\u00f3 r\u00e9szei vagyunk mindny\u00e1jan, a tudatos \u00f6nmunka \u00e1ltal nem csak magunkat tiszt\u00edtjuk, hanem a v\u00e9rs\u00e9g\u00fcnket, gyermekeinket, p\u00e1rkapcsolatunkat is, s\u0151t az emberis\u00e9gre \u00e9s a F\u00f6ld \u00e1llapot\u00e1ra is kihat az, hogy mennyire tiszta az energiarendszer\u00fcnk.<br>Minden mindennel \u00f6sszef\u00fcgg, ha a n\u0151i energia nincs rendben, a f\u00e9rfi sem tud j\u00f3l m\u0171k\u00f6dni\u2026 \u00e9s nek\u00fcnk n\u0151knek kiemelten fontos a tiszt\u00edt\u00e1ssal foglalkoznunk, mivel pont a m\u00e9h\u00fcnk, emiatt a nagyon er\u0151teljes, csod\u00e1s, teremt\u0151 energiak\u00f6zpont \u00e1ltal mi k\u00f6zvetlenebb \u00e9s intenz\u00edvebb \u00f6sszek\u00f6ttet\u00e9sben vagyunk a Forr\u00e1ssal, a Teremt\u00e9ssel (ak\u00e1r van gyermek\u00fcnk, ak\u00e1r nincs). Nek\u00fcnk k\u00fcl\u00f6nlegesen er\u0151s a teremt\u0151er\u0151nk a m\u00e9h\u00fcnk \u00e1ltal! \u00cdgy a k\u00f6rnyezet\u00fcnkre, csal\u00e1dunkra, nemzet\u00fcnkre, az emberis\u00e9gre, \u00e9s a j\u00f6v\u0151re is er\u0151sebben hat\u00e1ssal vagyunk &#8211; \u00e9s pont ez\u00e9rt egy\u00e1ltal\u00e1n nem mindegy, hogy milyen energetikai kond\u00edci\u00f3ban vagyunk, milyen min\u0151s\u00e9gen, szinten tudunk \u00e9lni \u00e9s m\u0171k\u00f6d\u00e9s\u00fcnk \u00e1ltal: teremteni!<\/p>\n\n\n\n<p><strong>A m\u00e9htiszt\u00edt\u00f3 gyakorlat, amit a workshopon megtanulunk, nagyon egyszer\u0171, kiv\u00e1l\u00f3an oldja a blokkokat \u00e9s emeli az energiaszintet.<\/strong> Teljesen \u00f6n\u00e1ll\u00f3an gyakorolhatod, minden nap (ak\u00e1r t\u00f6bbsz\u00f6r is) elv\u00e9gezheted, \u00e9s 1-2 h\u00e9t alatt \u00e9rezni fogod, de ha \u00e9rz\u00e9kenyebb vagy, ak\u00e1r 1-2 nap ut\u00e1n is m\u00e1r, hogy mennyivel energikusabb, k\u00f6nnyedebb, \u00f6r\u00f6mtelibb vagy!<br>\u00c9n m\u00e1r 4-5 \u00e9ve rendszeresen haszn\u00e1lom, \u00e9s nagyon sokat seg\u00edt\/ett k\u00fcl\u00f6nb\u00f6z\u0151 \u00e9letesem\u00e9nyek feldolgoz\u00e1s\u00e1ban (az \u00f6sszegz\u00e9sben, r\u00e1l\u00e1t\u00e1s nyer\u00e9sben \u00e9s az elenged\u00e9sben is), illetve fizikai szinten is \u00e9szrevehet\u0151en k\u00f6nnyebb (\u00e9s r\u00f6videbb, kevesebb, \u00e1tl\u00e1tsz\u00f3bb) a menstru\u00e1ci\u00f3m a seg\u00edts\u00e9g\u00e9vel.<\/p>\n\n\n\n<p>A gyakorlat nagy seg\u00edts\u00e9gedre lehet ak\u00e1r egy b\u00f6jt vagy elvonul\u00e1s alatt is, k\u00fcls\u0151-bels\u0151 nagytakar\u00edt\u00e1sban, hogy kis\u00f6p\u00f6rd magadb\u00f3l a leh\u00faz\u00f3 testi-lelki m\u00e9reganyagokat, terheket, stresszt, f\u00e9lelmeket\u2026 <\/p>\n\n\n<div class=\"wp-block-image\">\n<figure class=\"aligncenter size-large is-resized\"><img loading=\"lazy\" decoding=\"async\" width=\"612\" height=\"612\" src=\"https:\/\/pipiter-joga.hu\/wp-content\/uploads\/2021\/02\/wMandala.jpg\" alt=\"\" class=\"wp-image-4867\" style=\"width:234px;height:234px\" srcset=\"https:\/\/pipiter-joga.hu\/wp-content\/uploads\/2021\/02\/wMandala.jpg 612w, https:\/\/pipiter-joga.hu\/wp-content\/uploads\/2021\/02\/wMandala-300x300.jpg 300w, https:\/\/pipiter-joga.hu\/wp-content\/uploads\/2021\/02\/wMandala-150x150.jpg 150w\" sizes=\"auto, (max-width: 612px) 100vw, 612px\" \/><\/figure>\n<\/div>\n\n\n<p>A b\u0151 2 \u00f3r\u00e1s workshop sor\u00e1n v\u00e9gigj\u00e1rjuk a <strong>n\u0151i \u00e9letszakaszok<\/strong>at, \u00e1tn\u00e9zz\u00fck, mikor mi lenne az <strong>\u00e9letfeladatunk<\/strong>, ha tudatosan szeretn\u00e9nk \u00e9lni, hat\u00e9konyan emelkedni, haladni felszabadult \u00e9s boldog \u00d6nval\u00f3nk fel\u00e9.<br>Megbesz\u00e9lj\u00fck, hogyan m\u0171k\u00f6dik a <strong>n\u0151i energiarendszer<\/strong>, megtudhatod, mi\u00e9rt hihetetlen k\u00fcl\u00f6nleges dolog a <strong>m\u00e9h\u00fcnk <\/strong>\u00e9s hogy milyen nagy lehet\u0151s\u00e9geket ad nek\u00fcnk, n\u0151knek\u2026 \u00e9s megtudhatod, val\u00f3j\u00e1ban mi\u00e9rt \u00e1ld\u00e1s a <strong>menzesz<\/strong>, hogyan seg\u00edt abban, hogy egyens\u00falyban maradjunk\u2026 Azt\u00e1n, hogy mi\u00e9rt fontos karbantartani energetikailag (is) magunkat, \u00e9s hogyan tudjuk ezt egyszer\u0171en megtenni, ak\u00e1r ezzel a gyakorlattal; \u00e9s mi\u00e9rt aj\u00e1nlott menstru\u00e1ci\u00f3 alatt, akt\u00edv ciklusban j\u00e1r\u00f3knak, hogyan seg\u00edti a kismam\u00e1kat, gyermek\u00e1gyasokat, anyuk\u00e1kat, az anyas\u00e1gra v\u00e1gy\u00f3kat \u00e9s a menopauz\u00e1ban j\u00e1r\u00f3kat is\u2026 azaz <strong>minden n\u0151t<\/strong>, azokat is, akiknek nincs meg a szerv\u00fck b\u00e1rmilyen okb\u00f3l\u2026! \u00c9s hogy hogyan seg\u00edt az <strong>intu\u00edci\u00f3nkat <\/strong>letiszt\u00edtani, <strong>tiszt\u00e1nl\u00e1t\u00e1sunkat <\/strong>feler\u0151s\u00edteni&#8230;<br>Az <strong>elm\u00e9leti r\u00e9sz ut\u00e1n megtanuljuk a m\u00e9htiszt\u00edt\u00f3 gyakorlatot<\/strong>, amivel fizikai betegs\u00e9geket \u00e9s lelki terheket is ki tudsz oldani, le tudsz tenni, \u00e9s nem csak a m\u00e9hedhez, n\u0151is\u00e9gedhez, hanem b\u00e1rmilyen \u00e9letesem\u00e9nyhez, (p\u00e1r)kapcsolathoz k\u00f6t\u0151d\u0151en\u2026!<\/p>\n\n\n\n<p>V\u00e1rlak teh\u00e1t nagy szeretettel, tanuljuk meg tudatosan tiszt\u00edtani, gy\u00f3gy\u00edtani \u00e9s emelni magunkat magunkat, \u00e9s ez\u00e1ltal az eg\u00e9sz \u00e9let\u00fcnket, s\u0151t a kollekt\u00edv szinteket is! <\/p>\n\n\n\n<btn class=\"new__site--btn\">\n<a class=\"new__site--link\" href=\"https:\/\/pipiter-joga.hu\/en\/mehtisztito-elofizetes\/\">elv\u00e9gzem a workshopot <\/a><\/btn>\n\n\n\n<p><br>Namaste \u2661<br>Bori<\/p>","protected":false},"excerpt":{"rendered":"<p>Hat\u00e9kony elenged\u00e9s \u00e9s meg\u00fajul\u00e1s Rengeteg fesz\u00fclts\u00e9g, bizonytalans\u00e1g, s\u00e9r\u00fcl\u00e9s, f\u00e9lszegs\u00e9g van benn\u00fcnk a n\u0151is\u00e9g\u00fcnkkel kapcsolatban- az egy\u00e9ni feladatk\u00f6r\u00f6k, \u00e9letek \u00f3ta hordozott karma mellett ott van a tudatunkban\/ energiarendszer\u00fcnkben a v\u00e9rvonalunkban, a kollekt\u00edv tudatban r\u00e9g\u00f3ta gy\u0171l\u0151 sok-sok f\u00e1jdalom, seb, k\u00fcl\u00f6nb\u00f6z\u0151 terhek, traum\u00e1k is&#8230; ez\u00e9rt nagyon fontos, hogy gy\u00f3gy\u00edtsuk magunkat mint n\u0151t, tiszt\u00edtsuk a n\u0151i min\u0151s\u00e9geinket! Egyre t\u00f6bb&#8230; <a href=\"https:\/\/pipiter-joga.hu\/en\/mehtisztito-gyakorlat-workshop\/\">Continue reading <span class=\"screen-reader-text\">&#8222;M\u00e9htiszt\u00edt\u00f3 gyakorlat (workshop)&#8221;<\/span><\/a><\/p>","protected":false},"author":1,"featured_media":0,"parent":0,"menu_order":0,"comment_status":"closed","ping_status":"closed","template":"","meta":{"pmpro_default_level":"","footnotes":""},"class_list":["post-5113","page","type-page","status-publish","hentry","pmpro-has-access"],"_links":{"self":[{"href":"https:\/\/pipiter-joga.hu\/en\/wp-json\/wp\/v2\/pages\/5113","targetHints":{"allow":["GET"]}}],"collection":[{"href":"https:\/\/pipiter-joga.hu\/en\/wp-json\/wp\/v2\/pages"}],"about":[{"href":"https:\/\/pipiter-joga.hu\/en\/wp-json\/wp\/v2\/types\/page"}],"author":[{"embeddable":true,"href":"https:\/\/pipiter-joga.hu\/en\/wp-json\/wp\/v2\/users\/1"}],"replies":[{"embeddable":true,"href":"https:\/\/pipiter-joga.hu\/en\/wp-json\/wp\/v2\/comments?post=5113"}],"version-history":[{"count":18,"href":"https:\/\/pipiter-joga.hu\/en\/wp-json\/wp\/v2\/pages\/5113\/revisions"}],"predecessor-version":[{"id":19241,"href":"https:\/\/pipiter-joga.hu\/en\/wp-json\/wp\/v2\/pages\/5113\/revisions\/19241"}],"wp:attachment":[{"href":"https:\/\/pipiter-joga.hu\/en\/wp-json\/wp\/v2\/media?parent=5113"}],"curies":[{"name":"wp","href":"https:\/\/api.w.org\/{rel}","templated":true}]}}