{"id":481,"date":"2018-01-16T10:01:47","date_gmt":"2018-01-16T09:01:47","guid":{"rendered":"https:\/\/pipiter-joga.hu\/?page_id=481"},"modified":"2022-06-16T10:31:26","modified_gmt":"2022-06-16T09:31:26","slug":"bev-medit","status":"publish","type":"page","link":"https:\/\/pipiter-joga.hu\/en\/ws\/bev-medit\/","title":{"rendered":"Bevezet\u00e9s a medit\u00e1ci\u00f3ba tanfolyam"},"content":{"rendered":"<p>A medit\u00e1ci\u00f3 a j\u00f3ga egyik &#8222;eszk\u00f6ze&#8221;, amit megtanulva \u00e9s gyakorolva, egyre jobban megismerhetj\u00fck magunkat, meg\u00e9rthetj\u00fck hely\u00fcnket a vil\u00e1gban, feladatainkat az \u00e9let\u00fcnkben &#8211; \u00e9s \u00edgy, \u00f6nmagunkat egyre jobban kiteljes\u00edtve, egyre \u00f6r\u00f6mtelibben \u00e9lhet\u00fcnk.<\/p>\n\n\n\n<div class=\"wp-block-image\"><figure class=\"aligncenter\"><img loading=\"lazy\" decoding=\"async\" width=\"217\" height=\"300\" src=\"https:\/\/pipiter-joga.hu\/wp-content\/uploads\/2017\/09\/img1505142033997-217x300.png\" alt=\"\" class=\"wp-image-432\" srcset=\"https:\/\/pipiter-joga.hu\/wp-content\/uploads\/2017\/09\/img1505142033997-217x300.png 217w, https:\/\/pipiter-joga.hu\/wp-content\/uploads\/2017\/09\/img1505142033997-768x1060.png 768w, https:\/\/pipiter-joga.hu\/wp-content\/uploads\/2017\/09\/img1505142033997-742x1024.png 742w, https:\/\/pipiter-joga.hu\/wp-content\/uploads\/2017\/09\/img1505142033997-612x845.png 612w, https:\/\/pipiter-joga.hu\/wp-content\/uploads\/2017\/09\/img1505142033997-1224x1689.png 1224w, https:\/\/pipiter-joga.hu\/wp-content\/uploads\/2017\/09\/img1505142033997-936x1292.png 936w, https:\/\/pipiter-joga.hu\/wp-content\/uploads\/2017\/09\/img1505142033997-720x994.png 720w, https:\/\/pipiter-joga.hu\/wp-content\/uploads\/2017\/09\/img1505142033997.png 1374w\" sizes=\"auto, (max-width: 217px) 100vw, 217px\" \/><\/figure><\/div>\n\n\n\n<p>A sorozat n\u00e9gy, egyenk\u00e9nt 3-3,5 \u00f3r\u00e1s foglalkoz\u00e1sb\u00f3l \u00e1ll, melyeken elm\u00e9let, mozg\u00e1s (\u00e1szan\u00e1z\u00e1s) \u00e9s gyakorlat is sorra ker\u00fcl.<\/p>\n\n\n\n<p>Besz\u00e9lget\u00fcnk a <strong>j\u00f3g\u00e1r\u00f3l, medit\u00e1ci\u00f3r\u00f3l<\/strong>, hogy mik is ezek, mi\u00e9rt hasznosak, mit hoznak az \u00e9let\u00fcnkbe r\u00f6vid \u00e9s hossz\u00fa t\u00e1von. Tiszt\u00e1zzuk az \u00c9let nagy t\u00f6rv\u00e9nyeit, \u00e9s hogy mi van, ha betartjuk ezeket, \u00e9s mi, ha nem&#8230; hogy mi a karma, a szabad akarat, a sors, a l\u00e9lek, a tudat&#8230; Mi\u00e9rt fontos a jelenl\u00e9t, mi t\u00f6rt\u00e9nik olyankor? Mi a &#8222;flow&#8221;, hogyan hozhat\u00f3 tudatosan, sz\u00e1nd\u00e9kosan l\u00e9tre&#8230;<br>M\u00e1sodik alkalommal az <strong>energiarendszer\u00fcnk<\/strong> m\u0171k\u00f6d\u00e9s\u00e9t tekintj\u00fck \u00e1t, hogyan lehet emelni az energiaszintet \u00e9s hogyan veszt\u00fcnk energi\u00e1t (hogyan m\u0171k\u00f6dnek az energiav\u00e1mp\u00edrok \u00e9s hogyan tudunk v\u00e9dekezni ellen\u00fck pl.); milyen saj\u00e1toss\u00e1gai vannak a <strong>n\u0151i energiarendszernek a f\u00e9rfi\u00e9hoz<\/strong> k\u00e9pest, mi\u00e9rt van &#8222;n\u0151i intu\u00edci\u00f3&#8221;&#8230; Az \u00e9letszakaszaink \u00e9s -szerepeink, azok feladata. A k\u00f6nny\u0171 \u00e9s a neh\u00e9z hal\u00e1l mi\u00e9rtjei&#8230;<br>Majd a 3-4. alkalommal a <strong>csakr\u00e1khoz<\/strong> (er\u0151k\u00f6zpontokhoz) kapcsol\u00f3d\u00f3an&nbsp; \u00e1ttekintj\u00fck az <strong>\u00e1jurv\u00e9da alapjain kereszt\u00fcl a kapcsol\u00f3d\u00f3 archet\u00edpusokat<\/strong>, besz\u00e9l\u00fcnk a tudatosod\u00e1s <strong>szintjeir\u0151l<\/strong>, a fel\u00e9bredts\u00e9g \u00e9s a <strong>megvil\u00e1gosod\u00e1s<\/strong> mibenl\u00e9t\u00e9r\u0151l, a val\u00f3di szeretet \u00e9s b\u00e9ke \u00e1llapot\u00e1nak jellemz\u0151ir\u0151l \u00e9s hozad\u00e9kair\u00f3l; a jelen korszak k\u00fcl\u00f6nlegesen nagy lehet\u0151s\u00e9geir\u0151l a tudatosod\u00f3 ember sz\u00e1m\u00e1ra, \u00e9s a <strong>tudatos teremt\u00e9sr\u0151l.<\/strong><\/p>\n\n\n\n<p>Az elm\u00e9letet megel\u0151z\u0151en kb. egy \u00f3r\u00e1s <strong>\u00e1szan\u00e1z\u00e1ssal<\/strong> (mozg\u00e1ssal) kezd\u00fcnk, melynek sor\u00e1n g\u00e1tizomtorn\u00e1t (intimtorn\u00e1t) is v\u00e9gz\u00fcnk.<br>Az <strong>elm\u00e9letet<\/strong> k\u00f6vet\u0151en <strong>gyakorlat<\/strong> k\u00f6vetkezik, az els\u0151 alkalom sor\u00e1n m\u00e9ly relax\u00e1ci\u00f3s j\u00f3ga nidra, &#8222;j\u00f3gaalv\u00e1s&#8221; (avagy tudatos alv\u00e1s) m\u00f3dszer\u00e9vel laz\u00edtjuk el a test\u00fcnket \u00e9s kezdj\u00fck edzeni az idegrendszer\u00fcnket, koncentr\u00e1ci\u00f3nkat, \u00e9bers\u00e9g\u00fcnket, amely sz\u00fcks\u00e9ges a t\u00e1gabb tudat\u00e1llapotok el\u00e9r\u00e9s\u00e9hez.<br>A tov\u00e1bbi alkalmakon k\u00fcl\u00f6nb\u00f6z\u0151 <strong>koncentr\u00e1ci\u00f3s, vezetett medit\u00e1ci\u00f3s gyakorlatokkal, mantr\u00e1z\u00e1ssal<\/strong> eddz\u00fck magunkat a min\u00e9l hosszabb \u00f6sszpontos\u00edt\u00e1sra, azaz elindulunk a medit\u00e1ci\u00f3 &#8211; \u00e9s v\u00e9gs\u0151 soron az \u00d6nval\u00f3nkhoz, B\u00f6lcsebb, Magas szint\u0171 \u00c9n\u00fcnkh\u00f6z vezet\u0151 \u00faton.<br>A 2. \u00e9s 4. foglalkoz\u00e1son <strong>(m\u00e9h)tiszt\u00edt\u00f3 gyakorlat<\/strong>ot is tanulunk, amely kedvez\u0151en hat mind fizikai szinten, mind lelki szinten n\u0151is\u00e9g\u00fcnkre, de az \u00e9let\u00fcnk egy\u00e9b ter\u00fcletein is seg\u00edti az \u00f6sszegz\u00e9st, meg\u00e9rt\u00e9st, elenged\u00e9st. (A gyakorlat menses, babav\u00e1r\u00e1s alatt, ill. a m\u00e9h megl\u00e9te n\u00e9lk\u00fcl is v\u00e9gezhet\u0151 \u00e9s kedvez\u0151, hasznos, mivel az eg\u00e9sz energiarendszer\u00fcnkre hat a gyakorlat.) F\u00e9rfiakn\u00e1l nem a medenc\u00e9re f\u00f3kusz\u00e1lva lehet v\u00e9gezni, hanem t\u00fcd\u0151re, sz\u00edvre, \u00e9s n\u00e1luk is tiszt\u00edtja az energiarendszert, harm\u00f3ni\u00e1ba hoz minden s\u00edkon.<br>Z\u00e1r\u00e1sk\u00e9pp minden alkalommal <strong>gyakorlatokat javaslok, amiket a mindennapokban haszn\u00e1lhatsz<\/strong>, hogy hat\u00e9konyabban fejl\u0151dj a seg\u00edts\u00e9g\u00fckkel.<\/p>\n\n\n\n<p>C\u00e9lom, hogy eszk\u00f6zt adjak a keres\u0151k kez\u00e9be, hogy el tudjanak kezdeni dolgozni \u00f6nmagukon- mert az ilyen munka fejl\u0151d\u00e9st hoz, \u00e9s csak fejl\u0151dve, tudatosodva tudunk kevesebb szenved\u00e9ssel, azaz teljesebb, boldogabb \u00e9letet \u00e9lni.<\/p>\n\n\n\n<p>4 alkalmat \u00f6lel fel a &#8222;tanfolyam&#8221;, amely <a rel=\"noreferrer noopener\" href=\"https:\/\/pipiter-joga.hu\/en\/videok\/\" data-type=\"page\" data-id=\"5033\" target=\"_blank\">online is elv\u00e9gezhet\u0151<\/a>, a foglalkoz\u00e1s d\u00edja 5500 Ft\/ alkalom, online egyben v\u00e1s\u00e1rolhat\u00f3 meg a teljes tanfolyam 17900 Ft-\u00e9rt, <a href=\"https:\/\/pipiter-joga.hu\/en\/videok\/\" data-type=\"page\" data-id=\"5033\" target=\"_blank\" rel=\"noreferrer noopener\">itt<\/a>.\u00a0<br><\/p>\n\n\n\n<p>(<strong>2000 Ft kedvezm\u00e9nyt kapsz<\/strong> a tanfolyam \u00e1r\u00e1b\u00f3l, ha kor\u00e1bban m\u00e1r elv\u00e9gezted az online <a rel=\"noreferrer noopener\" href=\"https:\/\/pipiter-joga.hu\/en\/videok\/\" data-type=\"page\" data-id=\"5033\" target=\"_blank\">M\u00e9htiszt\u00edt\u00f3 gyakorlat workshopot<\/a> &#8211; az akci\u00f3s k\u00f3dot megtal\u00e1lod a M\u00e9htiszt\u00edt\u00f3 gyakorlat v\u00e1s\u00e1rl\u00e1s\u00e1r\u00f3l k\u00fcld\u00f6tt e-lev\u00e9lben. Ha nincs meg, <a rel=\"noreferrer noopener\" href=\"https:\/\/pipiter-joga.hu\/en\/kapcsolat\/\" target=\"_blank\">\u00edrj <\/a>nekem!)<\/p>\n\n\n\n<btn class=\"new__site--btn\">\n<a class=\"new__site--link\" href=\"https:\/\/pipiter-joga.hu\/en\/videok\/\"> elv\u00e9gzem a tanfolyamot <\/a><\/btn>\n\n\n\n<p>Ha nincs lez\u00e1r\u00e1s, akkor <strong>\u00e9l\u0151ben is indulnak csoportok<\/strong>. <span class=\"_5xhk\">\u00c9l\u0151 alkalmakra jelentkez\u00e9s:<strong>&nbsp;e-mailben<\/strong> (<a href=\"mailto:pipiter.noi.egeszlet@gmail.com\">pipiter.joga@gmail.com<\/a> c\u00edmen) vagy <a href=\"http:\/\/facebook.com\/pipiterjoga\">messenger<\/a>-\u00fczenetben.<\/span><\/p>\n\n\n\n<p>Ha k\u00e9rd\u00e9sed lenne, keress b\u00e1tran a lenti el\u00e9rhet\u0151s\u00e9gek valamelyik\u00e9n!<\/p>\n\n\n\n<p>Szeretettel v\u00e1rlak!<br>Namaste\u2661<br>Bartis Bori<\/p>\n\n\n\n<btn class=\"new__site--btn\">\n<a class=\"new__site--link\" href=\"https:\/\/pipiter-joga.hu\/en\/videok\/\"> elv\u00e9gzem a tanfolyamot <\/a><\/btn>\n\n\n\n<p><span style=\"font-family: inherit;\">@: <\/span><a style=\"background-color: #ffffff; font-family: inherit;\" href=\"mailto:pipiter.joga@gmail.com\">pipiter.joga@gmail.com<br><\/a><span style=\"font-family: inherit;\">tel.: 06703667389<br><\/span> FB: <a href=\"http:\/\/facebook.com\/pipiternoiegeszlet\">@pipiterjoga<\/a><\/p>","protected":false},"excerpt":{"rendered":"<p>A medit\u00e1ci\u00f3 a j\u00f3ga egyik &#8222;eszk\u00f6ze&#8221;, amit megtanulva \u00e9s gyakorolva, egyre jobban megismerhetj\u00fck magunkat, meg\u00e9rthetj\u00fck hely\u00fcnket a vil\u00e1gban, feladatainkat az \u00e9let\u00fcnkben &#8211; \u00e9s \u00edgy, \u00f6nmagunkat egyre jobban kiteljes\u00edtve, egyre \u00f6r\u00f6mtelibben \u00e9lhet\u00fcnk. A sorozat n\u00e9gy, egyenk\u00e9nt 3-3,5 \u00f3r\u00e1s foglalkoz\u00e1sb\u00f3l \u00e1ll, melyeken elm\u00e9let, mozg\u00e1s (\u00e1szan\u00e1z\u00e1s) \u00e9s gyakorlat is sorra ker\u00fcl. Besz\u00e9lget\u00fcnk a j\u00f3g\u00e1r\u00f3l, medit\u00e1ci\u00f3r\u00f3l, hogy mik is&#8230; <a href=\"https:\/\/pipiter-joga.hu\/en\/ws\/bev-medit\/\">Continue reading <span class=\"screen-reader-text\">&#8222;Bevezet\u00e9s a medit\u00e1ci\u00f3ba tanfolyam&#8221;<\/span><\/a><\/p>","protected":false},"author":1,"featured_media":0,"parent":126,"menu_order":0,"comment_status":"closed","ping_status":"closed","template":"","meta":{"pmpro_default_level":"","footnotes":""},"class_list":["post-481","page","type-page","status-publish","hentry","pmpro-has-access"],"_links":{"self":[{"href":"https:\/\/pipiter-joga.hu\/en\/wp-json\/wp\/v2\/pages\/481","targetHints":{"allow":["GET"]}}],"collection":[{"href":"https:\/\/pipiter-joga.hu\/en\/wp-json\/wp\/v2\/pages"}],"about":[{"href":"https:\/\/pipiter-joga.hu\/en\/wp-json\/wp\/v2\/types\/page"}],"author":[{"embeddable":true,"href":"https:\/\/pipiter-joga.hu\/en\/wp-json\/wp\/v2\/users\/1"}],"replies":[{"embeddable":true,"href":"https:\/\/pipiter-joga.hu\/en\/wp-json\/wp\/v2\/comments?post=481"}],"version-history":[{"count":49,"href":"https:\/\/pipiter-joga.hu\/en\/wp-json\/wp\/v2\/pages\/481\/revisions"}],"predecessor-version":[{"id":8186,"href":"https:\/\/pipiter-joga.hu\/en\/wp-json\/wp\/v2\/pages\/481\/revisions\/8186"}],"up":[{"embeddable":true,"href":"https:\/\/pipiter-joga.hu\/en\/wp-json\/wp\/v2\/pages\/126"}],"wp:attachment":[{"href":"https:\/\/pipiter-joga.hu\/en\/wp-json\/wp\/v2\/media?parent=481"}],"curies":[{"name":"wp","href":"https:\/\/api.w.org\/{rel}","templated":true}]}}