{"id":4211,"date":"2020-12-28T20:14:47","date_gmt":"2020-12-28T19:14:47","guid":{"rendered":"https:\/\/pipiter-joga.hu\/?page_id=4211"},"modified":"2021-06-23T06:23:01","modified_gmt":"2021-06-23T05:23:01","slug":"online-elo-adas","status":"publish","type":"page","link":"https:\/\/pipiter-joga.hu\/en\/online-elo-adas\/","title":{"rendered":"Online \u00e9l\u0151 ad\u00e1s"},"content":{"rendered":"\n<p>AKTU\u00c1LIS INF\u00d3: <a href=\"https:\/\/pipiter-joga.hu\/2021\/06\/23\/nyari-szunet\/\" data-type=\"post\" data-id=\"5985\">ny\u00e1ri sz\u00fcnetet<\/a> tartok j\u00faliusban \u00e9s augusztusban. Addig aj\u00e1nlom figyelmedbe a Min\u0151s\u00e9gi \u00e9n-id\u0151 j\u00f3gacsomagot, ahol most m\u00e1r kb. 60 db 20-90 perces vide\u00f3 k\u00f6z\u00fcl v\u00e1logathatsz. K\u00f6sz\u00f6n\u00f6m, hogy velem tartott\u00e1l, szeptembert\u0151l folytatjuk! Sz\u00e9p nyarat, csod\u00e1s \u00e9lm\u00e9nyeket \u00e9s jelenl\u00e9tben t\u00f6lt\u0151d\u00e9st k\u00edv\u00e1nok! Namaste &lt;3 Bori<\/p>\n\n\n\n<p>Az online \u00e9l\u0151 ad\u00e1sok Facebook-csoportokban val\u00f3sulnak meg, \u00e9s napijeggyel vagy havib\u00e9rlettel tudsz rajtuk r\u00e9szt venni<br>\u27b8 szerd\u00e1nk\u00e9nt 18 \u00f3r\u00e1t\u00f3l <a rel=\"noreferrer noopener\" href=\"https:\/\/pipiter-joga.hu\/hatha-joga\/\" data-type=\"page\" data-id=\"4218\" target=\"_blank\">hatha <\/a>j\u00f3ga\u00f3r\u00e1kon  <br>\u27b8 h\u00e9tf\u0151nk\u00e9nt 18 \u00f3r\u00e1t\u00f3l <strong>mantramedit\u00e1ci\u00f3s<\/strong>, ill. <strong>vezetett medit\u00e1ci\u00f3s<\/strong> (\u00fan. <a rel=\"noreferrer noopener\" href=\"https:\/\/pipiter-joga.hu\/joga-2\/radzsa\/\" data-type=\"page\" data-id=\"4268\" target=\"_blank\">r\u00e1dzsa<\/a>) j\u00f3ga\u00f3r\u00e1kon<br>\u27bd\u27bd Mindegyikre igaz, hogy <strong>ha nem j\u00f3 az \u00e9l\u0151 ad\u00e1s id\u0151pontja, m\u00e1skor is elv\u00e9gezheted, el\u00e9rhet\u0151 marad 4 h\u00e9tig a felv\u00e9tel<\/strong>.<\/p>\n\n\n\n<p>Tov\u00e1bbi r\u00e9szletek az egyes foglalkoz\u00e1sokr\u00f3l:<\/p>\n\n\n\n<div class=\"wp-block-image\"><figure class=\"alignright size-large is-resized\"><img loading=\"lazy\" decoding=\"async\" src=\"https:\/\/pipiter-joga.hu\/wp-content\/uploads\/2020\/12\/kep-43-1024x512.png\" alt=\"\" class=\"wp-image-4262\" width=\"234\" height=\"117\" srcset=\"https:\/\/pipiter-joga.hu\/wp-content\/uploads\/2020\/12\/kep-43-1024x512.png 1024w, https:\/\/pipiter-joga.hu\/wp-content\/uploads\/2020\/12\/kep-43-300x150.png 300w, https:\/\/pipiter-joga.hu\/wp-content\/uploads\/2020\/12\/kep-43-768x384.png 768w, https:\/\/pipiter-joga.hu\/wp-content\/uploads\/2020\/12\/kep-43-612x306.png 612w, https:\/\/pipiter-joga.hu\/wp-content\/uploads\/2020\/12\/kep-43-1224x612.png 1224w, https:\/\/pipiter-joga.hu\/wp-content\/uploads\/2020\/12\/kep-43-936x468.png 936w, https:\/\/pipiter-joga.hu\/wp-content\/uploads\/2020\/12\/kep-43-1440x720.png 1440w, https:\/\/pipiter-joga.hu\/wp-content\/uploads\/2020\/12\/kep-43-720x360.png 720w, https:\/\/pipiter-joga.hu\/wp-content\/uploads\/2020\/12\/kep-43.png 1500w\" sizes=\"auto, (max-width: 234px) 100vw, 234px\" \/><\/figure><\/div>\n\n\n\n<h3 class=\"wp-block-heading\">\u27b8 H\u00e9tf\u0151i \u00f3ra: \u00c1szana, mantra, medit\u00e1ci\u00f3, pr\u00e1naj\u00e1ma: r\u00e1dzsa j\u00f3ga &#8211; online \u00e9l\u0151 ad\u00e1sban<\/h3>\n\n\n\n<ul class=\"wp-block-list\"><li>H\u00e9tf\u0151 est\u00e9nk\u00e9nt 18 \u00f3r\u00e1t\u00f3l 90 percben <a rel=\"noreferrer noopener\" href=\"https:\/\/www.facebook.com\/groups\/1786437101509508\" target=\"_blank\">ebben a Facebook-csoportban<\/a> , de a felv\u00e9tel fent marad t\u00f6bb h\u00e9tig, k\u00e9s\u0151bb is elv\u00e9gezheted<\/li><li>Az \u00f3r\u00e1n: kb. 60 perc meditat\u00edv mozg\u00e1st (\u00e1szan\u00e1z\u00e1st) k\u00f6vet\u0151en k\u00fcl\u00f6nb\u00f6z\u0151 koncentr\u00e1ci\u00f3s \u00e9s medit\u00e1ci\u00f3s gyakorlatokkal (l\u00e9gz\u0151gyakorlattal (pr\u00e1naj\u00e1m\u00e1val), mantr\u00e1val, vezetett medit\u00e1ci\u00f3val) \u00e9rkez\u00fcnk meg a Jelenbe: elcsendesed\u00fcnk, elm\u00e9ly\u00fcl\u00fcnk, hogy kapcsol\u00f3djunk fels\u0151bb energiaszintjeinkkel, B\u00f6lcsebb \u00c9n\u00fcnkkel, magasabb szint\u0171 tudati r\u00e9tegeinkkel, \u00d6nval\u00f3nkkal. Ebben a t\u00e1g tudat\u00e1llapotban kioldunk, fel\u00fcl\u00edrunk f\u00e9lelmeket, \u00f6nsorsront\u00f3 programokat, \u00e9s meg\u00e9lj\u00fck a hat\u00e1rtalans\u00e1got, szabads\u00e1got, \u00f6r\u00f6m\u00f6t, b\u00e9k\u00e9t szeretetet&#8230; ezek az \u00e9rz\u00e9sek, meg\u00e9l\u00e9sek h\u00e9tk\u00f6znapi \u00e9let\u00fcnket is \u00e1tform\u00e1lj\u00e1k, egyre jobban meg tudjuk \u00e9lni ezeket az \u00e1llapotokat akkor is&#8230; Ha ez \u00e9rdekel, de am\u00fagy az alapokat is \u00e1tvenn\u00e9d, k\u00edv\u00e1ncsi vagy r\u00e9szletesen, hogyan m\u0171k\u00f6dik a medit\u00e1ci\u00f3, a tudat, az energia, az \u00c9let t\u00f6rv\u00e9nyei, a tudatos teremt\u00e9s, stb., akkor csatlakozz a <a rel=\"noreferrer noopener\" href=\"https:\/\/pipiter-joga.hu\/ws\/bev-medit\/\" data-type=\"page\" data-id=\"481\" target=\"_blank\">Bevezet\u00e9s a medit\u00e1ci\u00f3ba<\/a> online tanfolyamhoz!<br>\u273d Ha az \u00e9l\u0151ad\u00e1s id\u0151pontja nem j\u00f3, a k\u00f6vetkez\u0151 j\u00f3ga\u00f3r\u00e1ig, azaz 1 h\u00e9ten \u00e1t m\u00e9g b\u00e1rmikor elv\u00e9gezheted a gyakorlatsort.<br>\u273d P\u00e1r l\u00e9p\u00e9sben csatlakozni tudsz a csoporthoz: <br>\u21a3 el\u0151sz\u00f6r k\u00e9rlek, utald el a napi vagy havib\u00e9rlet \u00e1r\u00e1t: 1 vagy 4 ezer Ft-ot <br>Bartis Borb\u00e1la Anna e.v.<br>CIB Bank<br>10700055-61824454-51100005<br>IBAN-sz\u00e1m: HU84 1070 0055 6182 4454 5110 0005 <br>\u21a3 k\u00f6zlem\u00e9nybe \u00edrd be, k\u00e9rlek, hogy &#8222;h\u00e9tf\u0151&#8221; \u00e9s  <strong>lakc\u00edmedet <\/strong>(fontos a sz\u00e1mla\u00edr\u00e1shoz!!)<br>\u21a3 ezut\u00e1n \u00edrj egy e-mailt\/ \u00fczenetet is, k\u00e9rlek, ahova elk\u00fcldhetem az utal\u00e1s adatai alapj\u00e1n ki\u00e1ll\u00edtott sz\u00e1ml\u00e1t, \u00e9s ahol szint\u00e9n meg\u00edrod, hogy a h\u00e9tf\u0151i csoportba csatlakozn\u00e1l <br>\u21a3 nyomj r\u00e1 a &#8222;csatlakoz\u00e1s a csoporthoz&#8221; gombra, \u00e9s 1-2 \u00f3r\u00e1n bel\u00fcl beengedlek a csoportba, h\u00e9tf\u0151i napon legk\u00e9s\u0151bb az \u00f3ra kezdete el\u0151tti negyed \u00f3r\u00e1ban <br><br>\u273d Ha szeretn\u00e9l emellett vagy el\u0151bb r\u00e9szletesebben megismerkedni azzal, hogy mi is a medit\u00e1ci\u00f3, mi a j\u00f3ga, hogy m\u0171k\u00f6dik, mi\u00e9rt j\u00f3, stb., akkor javaslom, v\u00e9gezd el az online Bevezet\u00e9s a medit\u00e1ci\u00f3ba tanfolyamomat, a <a rel=\"noreferrer noopener\" href=\"https:\/\/pipiter-joga.hu\/videok\/\" data-type=\"page\" data-id=\"5033\" target=\"_blank\">vide\u00f3oldalon <\/a>megtal\u00e1lod.<\/li><\/ul>\n\n\n\n<h3 class=\"wp-block-heading\">\u27b8 A szerda esti online \u00e9l\u0151 j\u00f3ga\u00f3r\u00e1kr\u00f3l:<\/h3>\n\n\n\n<ul class=\"wp-block-list\"><li><strong>Az \u00e9l\u0151 ad\u00e1st<\/strong> az &#8222;<a rel=\"noreferrer noopener\" href=\"http:\/\/www.facebook.com\/groups\/1041475143025868\/\" target=\"_blank\">\u00c9teri Pipit\u00e9r &#8211; Online \u00c9l\u0151 J\u00f3ga\u00f3r\u00e1k hetente<\/a>&#8221; nev\u0171 Facebookon tal\u00e1lhat\u00f3 <strong>z\u00e1rt csoportban<\/strong> tudod k\u00f6vetni, vagy<\/li><li><strong>ha nem vagy Facebook-tag<\/strong>, akkor a Pipit\u00e9r J\u00f3ga vide\u00f3oldal\u00e1n tudod v\u00e9gezni a j\u00f3ga\u00f3r\u00e1t: ehhez ott fizess el\u0151, k\u00e9rlek, mivel oda felt\u00f6lt\u00f6m az online \u00e9l\u0151 \u00f3r\u00e1kat, befejez\u00e9s\u00fck ut\u00e1n 24 \u00f3r\u00e1n bel\u00fcl. Tov\u00e1bbi inf\u00f3kat a <a rel=\"noreferrer noopener\" href=\"https:\/\/pipiter-joga.hu\/videok\/\" data-type=\"page\" data-id=\"605\" target=\"_blank\">vide\u00f3 men\u00fcpontban<\/a> tal\u00e1lsz!<\/li><li><strong>Ha nem j\u00f3 az \u00e9l\u0151 ad\u00e1s id\u0151pontja<\/strong>, ut\u00e1na m\u00e9g egy h\u00e9tig el tudod v\u00e9gezni az \u00f3r\u00e1t, ha havi b\u00e9rleted van (4000 Ft), ennyi ideig m\u00e9g el\u00e9rhet\u0151 marad a felv\u00e9tel. De vehetsz napi jegyet is, ez 24 \u00f3r\u00e1n \u00e1t \u00e9rv\u00e9nyes (1000 Ft).<\/li><li><strong>Ha szeretn\u00e9l csatlakozni, k\u00e9rlek ezeket a l\u00e9p\u00e9seket k\u00f6vesd<\/strong>: <br>\u27b8 utald el az \u00f3rad\u00edjat\/ havi b\u00e9rlet d\u00edj\u00e1t, lakc\u00edmedet \u00e9s hogy &#8222;cs\u00fct&#8221; t\u00fcntesd fel a k\u00f6zlem\u00e9nyben<br>\u27b8 \u00edrj e-mailt\/ FB-\u00fczenetet az adataiddal<br>\u27b8 nyomj r\u00e1 a &#8222;csatlakoz\u00e1s a csoporthoz&#8221; gombra<br><br>B\u0151vebben:<\/li><li><strong>A csoportba a j\u00f3ga\u00f3ra d\u00edj\u00e1nak elutal\u00e1s\u00e1t k\u00f6vet\u0151en tudlak beengedni<\/strong>, \u00e9s k\u00e9rlek, hogy ha elutaltad, akkor <strong>\u00edrj egy \u00fczenetet vagy e-<a rel=\"noreferrer noopener\" href=\"pipiter.joga@gmail.com\" target=\"_blank\">mailt<\/a><\/strong>, hogy hova \u00edrhatom a sz\u00e1ml\u00e1t: n\u00e9v, lakc\u00edm\/ telephely, ha nem mag\u00e1nszem\u00e9ly, ad\u00f3sz\u00e1m is.<br>\u00cdgy ki tudom \u00e1ll\u00edtani a sz\u00e1ml\u00e1t (ezt musz\u00e1j, akkor is, ha Neked nem lenne fontos&#8230;)<br>\u27b8 <strong>Adatok az utal\u00e1shoz<\/strong>:<br>kedvezm\u00e9nyezett: Bartis Borb\u00e1la Anna e.v. <br>sz\u00e1mlasz\u00e1m: 10700055-61824454-51100005 (CIB)<br>IBAN-sz\u00e1m: HU84 1070 0055 6182 4454 5110 0005<br>k\u00f6zlem\u00e9ny: [lakc\u00edm]<br>\u27b8 Az \u00f3ra d\u00edja: havi b\u00e9rlet 4000 Ft, napijegy: 1000 Ft<\/li><li>Ha az online \u00e9l\u0151 \u00f3ra k\u00f6zben utalsz \u00e9s jelentkezel, akkor nem tudlak, csak az \u00f3r\u00e1t k\u00f6vet\u0151en beengedni- ezt k\u00f6sz\u00f6n\u00f6m, ha meg\u00e9rted.<\/li><li>Aki <strong>havid\u00edjat <\/strong>fizet, azaz 4 j\u00f3ga\u00f3r\u00e1t el\u0151re, az folyamatosan a csoportban maradhat, \u00edgy egy h\u00f3napig hozz\u00e1f\u00e9r 4 felv\u00e9telhez &#8211; aki <strong>napid\u00edjat <\/strong>fizet, azt arra k\u00e9rem, a gyakorl\u00e1sa ut\u00e1n l\u00e9pjen ki a csoportb\u00f3l- b\u00edzom benne, hogy ezzel nem lesz gond, hisz j\u00f3g\u00e1sk\u00e9nt mindny\u00e1jan a tiszta \u00e9letre t\u00f6reksz\u00fcnk. <\/li><li><strong>Aki nem Facebookos<\/strong>, az a <a href=\"https:\/\/pipiter-joga.hu\/videok\/\" data-type=\"page\" data-id=\"5033\">Min\u0151s\u00e9gi \u00e9n-id\u0151 j\u00f3gacsomag v<\/a><a rel=\"noreferrer noopener\" href=\"https:\/\/pipiter-joga.hu\/videok\/\" data-type=\"page\" data-id=\"5033\" target=\"_blank\">ide\u00f3ihoz <\/a>tud napi vagy havi b\u00e9rletet venni, ugyanezeken az \u00e1rakon, \u00e9s ott mindig l\u00e1thatja az \u00f3r\u00e1t, felt\u00f6lt\u00f6m az \u00e9l\u0151t 24 \u00f3r\u00e1n bel\u00fcl.<\/li><li><strong>Ha m\u00e1r am\u00fagy el\u0151fizett\u00e9l a Min\u0151s\u00e9gi \u00e9n-id\u0151 csomagra<\/strong>: l\u00e1tni fogod ezeket az \u00f3r\u00e1kat is, 24 \u00f3r\u00e1n bel\u00fcl felt\u00f6lt\u00f6m az \u00e9l\u0151 ad\u00e1st oda, a csomagba, teh\u00e1t nem kell dupl\u00e1n b\u00e9rletet venned<\/li><li>Ha am\u00fagy j\u00e1rsz norm\u00e1l (4D-s:) \u00f3r\u00e1kra, \u00e9s van b\u00e9rleted, ne agg\u00f3dj, azt a b\u00e9rletedet m\u00e9g nyugodtan lej\u00e1rhatod, nem veszik el: a 2020. szept. 1. ut\u00e1n v\u00e1ltott b\u00e9rletek m\u00e9g \u00e9rv\u00e9nyesek a korl\u00e1toz\u00e1sok felold\u00e1sa ut\u00e1n 1 h\u00f3napig. <\/li><\/ul>\n\n\n\n<p>Rem\u00e9lem, j\u00f3l le tudtam \u00edrni, ha m\u00e9gis lenne k\u00e9rd\u00e9sed, <a rel=\"noreferrer noopener\" href=\"https:\/\/pipiter-joga.hu\/kapcsolat\/\" data-type=\"page\" data-id=\"279\" target=\"_blank\">keress <\/a>b\u00e1tran!<\/p>\n\n\n\n<p>Szeretettel v\u00e1rlak!<br>Namaste \u2661<br>Bori<\/p>\n","protected":false},"excerpt":{"rendered":"<p>AKTU\u00c1LIS INF\u00d3: ny\u00e1ri sz\u00fcnetet tartok j\u00faliusban \u00e9s augusztusban. Addig aj\u00e1nlom figyelmedbe a Min\u0151s\u00e9gi \u00e9n-id\u0151 j\u00f3gacsomagot, ahol most m\u00e1r kb. 60 db 20-90 perces vide\u00f3 k\u00f6z\u00fcl v\u00e1logathatsz. K\u00f6sz\u00f6n\u00f6m, hogy velem tartott\u00e1l, szeptembert\u0151l folytatjuk! Sz\u00e9p nyarat, csod\u00e1s \u00e9lm\u00e9nyeket \u00e9s jelenl\u00e9tben t\u00f6lt\u0151d\u00e9st k\u00edv\u00e1nok! Namaste &lt;3 Bori Az online \u00e9l\u0151 ad\u00e1sok Facebook-csoportokban val\u00f3sulnak meg, \u00e9s napijeggyel vagy havib\u00e9rlettel tudsz&#8230; <a href=\"https:\/\/pipiter-joga.hu\/en\/online-elo-adas\/\">Continue reading <span class=\"screen-reader-text\">&#8222;Online \u00e9l\u0151 ad\u00e1s&#8221;<\/span><\/a><\/p>","protected":false},"author":1,"featured_media":0,"parent":0,"menu_order":0,"comment_status":"closed","ping_status":"closed","template":"","meta":{"pmpro_default_level":"","footnotes":""},"class_list":["post-4211","page","type-page","status-publish","hentry","pmpro-has-access"],"_links":{"self":[{"href":"https:\/\/pipiter-joga.hu\/en\/wp-json\/wp\/v2\/pages\/4211","targetHints":{"allow":["GET"]}}],"collection":[{"href":"https:\/\/pipiter-joga.hu\/en\/wp-json\/wp\/v2\/pages"}],"about":[{"href":"https:\/\/pipiter-joga.hu\/en\/wp-json\/wp\/v2\/types\/page"}],"author":[{"embeddable":true,"href":"https:\/\/pipiter-joga.hu\/en\/wp-json\/wp\/v2\/users\/1"}],"replies":[{"embeddable":true,"href":"https:\/\/pipiter-joga.hu\/en\/wp-json\/wp\/v2\/comments?post=4211"}],"version-history":[{"count":61,"href":"https:\/\/pipiter-joga.hu\/en\/wp-json\/wp\/v2\/pages\/4211\/revisions"}],"predecessor-version":[{"id":5990,"href":"https:\/\/pipiter-joga.hu\/en\/wp-json\/wp\/v2\/pages\/4211\/revisions\/5990"}],"wp:attachment":[{"href":"https:\/\/pipiter-joga.hu\/en\/wp-json\/wp\/v2\/media?parent=4211"}],"curies":[{"name":"wp","href":"https:\/\/api.w.org\/{rel}","templated":true}]}}