{"id":3243,"date":"2020-07-28T07:30:08","date_gmt":"2020-07-28T07:30:08","guid":{"rendered":"https:\/\/pipiter-joga.hu\/?page_id=3243"},"modified":"2020-07-28T12:42:40","modified_gmt":"2020-07-28T12:42:40","slug":"jogaest","status":"publish","type":"page","link":"https:\/\/pipiter-joga.hu\/en\/esemenyek\/jogaest\/","title":{"rendered":"J\u00f3gaest"},"content":{"rendered":"<div class=\"wp-block-image\"><figure class=\"alignright size-large is-resized\"><img loading=\"lazy\" decoding=\"async\" src=\"https:\/\/pipiter-joga.hu\/wp-content\/uploads\/2020\/07\/k\u00e9p-1-1024x768.png\" alt=\"\" class=\"wp-image-3254\" width=\"324\" height=\"243\" srcset=\"https:\/\/pipiter-joga.hu\/wp-content\/uploads\/2020\/07\/k\u00e9p-1-1024x768.png 1024w, https:\/\/pipiter-joga.hu\/wp-content\/uploads\/2020\/07\/k\u00e9p-1-300x225.png 300w, https:\/\/pipiter-joga.hu\/wp-content\/uploads\/2020\/07\/k\u00e9p-1-768x576.png 768w, https:\/\/pipiter-joga.hu\/wp-content\/uploads\/2020\/07\/k\u00e9p-1-612x459.png 612w, https:\/\/pipiter-joga.hu\/wp-content\/uploads\/2020\/07\/k\u00e9p-1-1224x918.png 1224w, https:\/\/pipiter-joga.hu\/wp-content\/uploads\/2020\/07\/k\u00e9p-1-936x702.png 936w, https:\/\/pipiter-joga.hu\/wp-content\/uploads\/2020\/07\/k\u00e9p-1-720x540.png 720w, https:\/\/pipiter-joga.hu\/wp-content\/uploads\/2020\/07\/k\u00e9p-1.png 1400w\" sizes=\"auto, (max-width: 324px) 100vw, 324px\" \/><\/figure><\/div>\n\n\n\n<p>2020. augusztusban a <a href=\"https:\/\/pipiter-joga.hu\/en\/orarend\/\" target=\"_blank\" rel=\"noreferrer noopener\">h\u00e9tk\u00f6znapi j\u00f3ga\u00f3r\u00e1k<\/a> sz\u00fcnetelnek, de t\u00f6bbsz\u00f6r is lehet\u0151s\u00e9g ny\u00edlik k\u00f6z\u00f6s j\u00f3gagyakorl\u00e1sra Kisber\u00e9nyben.<br>A v\u00e1rhat\u00f3 alkalmak: 2020. aug. 1., 15., 22., 29. 18h30-20h30.<\/p>\n\n\n\n<p>A Ny\u00e1ri j\u00f3gaest nyitott gyakorl\u00f3knak, kezd\u0151knek, n\u0151knek \u00e9s f\u00e9rfiaknak egyar\u00e1nt.<br>\u00c1szan\u00e1zunk, mantr\u00e1zunk, medit\u00e1lunk (vezetett medit\u00e1ci\u00f3), hogy er\u0151s\u00edts\u00fck magunkat testileg-lelkileg (energetikailag), \u00e9s \u00edgy felk\u00e9sz\u00fclj\u00fcnk az <a rel=\"noreferrer noopener\" href=\"https:\/\/pipiter-joga.hu\/en\/2020\/07\/14\/az-oszi-teli-vizsgaidoszak\/\" target=\"_blank\">\u0151szi-t\u00e9li pr\u00f3bat\u00e9teles id\u0151szakra<\/a>.<br>Ut\u00e1na van lehet\u0151s\u00e9g besz\u00e9lget\u00e9sre is a j\u00f3g\u00e1r\u00f3l, tudatos \u00e9letre t\u00f6rekv\u00e9sr\u0151l, az aktu\u00e1lis id\u0151szakr\u00f3l, stb.<br><br>Adom\u00e1nyos a foglalkoz\u00e1s, csup\u00e1n bejelentkez\u00e9st k\u00e9rek, hogy biztosan elf\u00e9rj\u00fcnk- \u00edrj ide, k\u00e9rlek, ha j\u00f6nn\u00e9l: <a rel=\"noreferrer noopener\" href=\"mailto:pipiter.joga@gmail.com\" target=\"_blank\">pipiter.joga@gmail.com<\/a><br><br>Szombaton 18 \u00f3r\u00e1t\u00f3l lehet \u00e9rkezni, <strong>a c\u00edm Kisber\u00e9ny, Pet\u0151fi utca 46.<\/strong> (az \u00e9p\u00fclet k\u00edv\u00fclr\u0151l nincs fel\u00faj\u00edtva, csak bel\u00fclr\u0151l, nem kell megijedni t\u0151le:).<br>Az utc\u00e1n lehet parkolni, csak le kell h\u00faz\u00f3dni, hogy ha nagyobb j\u00e1rm\u0171 j\u00f6n, pl. traktor, elf\u00e9rjen.<br><br>18h30-kor kezd\u0151dik a foglalkoz\u00e1s.<br>Felszerel\u00e9s nincs helyben, teh\u00e1t hozz magaddal, k\u00e9rlek, matracot (j\u00f3gasz\u0151nyeg\/ polifoam), pl\u00e9det, ill. tov\u00e1bbi inf\u00f3kat itt tal\u00e1lsz a j\u00f3gagyakorl\u00e1shoz: <a rel=\"noreferrer noopener\" target=\"_blank\" href=\"https:\/\/l.facebook.com\/l.php?u=http%3A%2F%2Fpipiter-joga.hu%2Fjoga%3Ffbclid%3DIwAR252-W_EqrbY5FMwLZWjQcL8cfAv0SRvlDk_X4_59r5GhLR6oFDQb8kokY&amp;h=AT1u4MavGO-1IwMA3aXoFnuEnFYCfuuJZ_BgqWfXsFnrRWhiIumqQ_sNeL3KO5FbKjPYko93X5qMEV5vkZOKOo5nyHKB_qg57fgVwnkK1Asc2ofK9FslEEHFjxsIncbd60NY\">pipiter-joga.hu\/joga<\/a><br><br>Szeretettel v\u00e1rlak Titeket t\u00f6lt\u0151dni, \u00faj kapukat megnyitni, \u00fajabb s\u00edkokat megtapasztalni!<br>Namaste \u2665<br>Bori<\/p>","protected":false},"excerpt":{"rendered":"<p>2020. augusztusban a h\u00e9tk\u00f6znapi j\u00f3ga\u00f3r\u00e1k sz\u00fcnetelnek, de t\u00f6bbsz\u00f6r is lehet\u0151s\u00e9g ny\u00edlik k\u00f6z\u00f6s j\u00f3gagyakorl\u00e1sra Kisber\u00e9nyben.A v\u00e1rhat\u00f3 alkalmak: 2020. aug. 1., 15., 22., 29. 18h30-20h30. A Ny\u00e1ri j\u00f3gaest nyitott gyakorl\u00f3knak, kezd\u0151knek, n\u0151knek \u00e9s f\u00e9rfiaknak egyar\u00e1nt.\u00c1szan\u00e1zunk, mantr\u00e1zunk, medit\u00e1lunk (vezetett medit\u00e1ci\u00f3), hogy er\u0151s\u00edts\u00fck magunkat testileg-lelkileg (energetikailag), \u00e9s \u00edgy felk\u00e9sz\u00fclj\u00fcnk az \u0151szi-t\u00e9li pr\u00f3bat\u00e9teles id\u0151szakra.Ut\u00e1na van lehet\u0151s\u00e9g besz\u00e9lget\u00e9sre is a j\u00f3g\u00e1r\u00f3l,&#8230; <a href=\"https:\/\/pipiter-joga.hu\/en\/esemenyek\/jogaest\/\">Continue reading <span class=\"screen-reader-text\">&#8222;J\u00f3gaest&#8221;<\/span><\/a><\/p>","protected":false},"author":1,"featured_media":0,"parent":2138,"menu_order":3,"comment_status":"closed","ping_status":"closed","template":"","meta":{"pmpro_default_level":"","footnotes":""},"class_list":["post-3243","page","type-page","status-publish","hentry","pmpro-has-access"],"_links":{"self":[{"href":"https:\/\/pipiter-joga.hu\/en\/wp-json\/wp\/v2\/pages\/3243","targetHints":{"allow":["GET"]}}],"collection":[{"href":"https:\/\/pipiter-joga.hu\/en\/wp-json\/wp\/v2\/pages"}],"about":[{"href":"https:\/\/pipiter-joga.hu\/en\/wp-json\/wp\/v2\/types\/page"}],"author":[{"embeddable":true,"href":"https:\/\/pipiter-joga.hu\/en\/wp-json\/wp\/v2\/users\/1"}],"replies":[{"embeddable":true,"href":"https:\/\/pipiter-joga.hu\/en\/wp-json\/wp\/v2\/comments?post=3243"}],"version-history":[{"count":7,"href":"https:\/\/pipiter-joga.hu\/en\/wp-json\/wp\/v2\/pages\/3243\/revisions"}],"predecessor-version":[{"id":3258,"href":"https:\/\/pipiter-joga.hu\/en\/wp-json\/wp\/v2\/pages\/3243\/revisions\/3258"}],"up":[{"embeddable":true,"href":"https:\/\/pipiter-joga.hu\/en\/wp-json\/wp\/v2\/pages\/2138"}],"wp:attachment":[{"href":"https:\/\/pipiter-joga.hu\/en\/wp-json\/wp\/v2\/media?parent=3243"}],"curies":[{"name":"wp","href":"https:\/\/api.w.org\/{rel}","templated":true}]}}