{"id":2138,"date":"2020-04-05T22:43:38","date_gmt":"2020-04-05T22:43:38","guid":{"rendered":"https:\/\/pipiter-joga.hu\/?page_id=2138"},"modified":"2023-03-20T21:45:12","modified_gmt":"2023-03-20T20:45:12","slug":"esemenyek","status":"publish","type":"page","link":"https:\/\/pipiter-joga.hu\/en\/esemenyek\/","title":{"rendered":"Esem\u00e9nyek"},"content":{"rendered":"<p>\u27b8 Az \u00daj Korszakr\u00f3l sz\u00f3l\u00f3 csatorn\u00e1zott tan\u00edt\u00e1sok, energetikai-tudati blokkold\u00f3d\u00e1sokat hoz\u00f3, az \u00daj Energi\u00e1ra val\u00f3 \u00e1tkalibr\u00e1l\u00f3d\u00e1st seg\u00edt\u0151 el\u0151ad\u00e1sok &#8211; megtal\u00e1lod a felvteleket a  <a rel=\"noreferrer noopener\" href=\"https:\/\/pipiter-joga.hu\/en\/videok\/\" data-type=\"page\" data-id=\"5033\" target=\"_blank\">vide\u00f3oldalon<\/a>, 2990 Ft-\u00e9rt meg tudod venni, amelyiket szeretn\u00e9d\u2606 <a rel=\"noreferrer noopener\" href=\"https:\/\/pipiter-joga.hu\/en\/tanitas-eloadas\/\" data-type=\"page\" data-id=\"10212\" target=\"_blank\">B\u0151vebben itt tudsz a t\u00e9m\u00e1kr\u00f3l \u00e9s a verb\u00e1lis \u00e9s energetikai \u00e1tad\u00e1sr\u00f3l, csoportos blokkold\u00e1sr\u00f3l olvasni<\/a>. <\/p>\n\n\n\n<p>\u27b8 \u00c9l\u0151ben jelenleg <a rel=\"noreferrer noopener\" href=\"https:\/\/pipiter-joga.hu\/en\/orarend\/\" data-type=\"page\" data-id=\"111\" target=\"_blank\">ezeket<\/a> a j\u00f3ga\u00f3r\u00e1kat tartom, illetve <a rel=\"noreferrer noopener\" href=\"https:\/\/pipiter-joga.hu\/en\/egyeni\/\" data-type=\"page\" data-id=\"1173\" target=\"_blank\">egy\u00e9ni<\/a>ben \u00f6nismereti munk\u00e1t seg\u00edtek l\u00e9lekkommunik\u00e1ci\u00f3val, blokkold\u00e1ssal. J\u00f3g\u00e1zni <a rel=\"noreferrer noopener\" href=\"https:\/\/pipiter-joga.hu\/en\/videok\/\" data-type=\"page\" data-id=\"5033\" target=\"_blank\">vide\u00f3n<\/a> is tudsz velem, ill. az al\u00e1bbi tanfolyamot \u00e9s workshopot tudod elv\u00e9gezni szint\u00e9n vide\u00f3r\u00f3l.<\/p>\n\n\n\n<p>\u27b8 <strong>M\u00e9htiszt\u00edt\u00f3 gyakorlat &#8211; Hat\u00e9kony elenged\u00e9s \u00e9s meg\u00fajul\u00e1s<\/strong>: <a rel=\"noreferrer noopener\" href=\"https:\/\/pipiter-joga.hu\/en\/mehtisztito-gyakorlat-workshop\/\" data-type=\"page\" data-id=\"5113\" target=\"_blank\">b\u0151vebb inf\u00f3k a gyakorlatr\u00f3l<\/a><br>Online, vide\u00f3r\u00f3l v\u00e9gezhet\u0151 workshop: <a rel=\"noreferrer noopener\" href=\"https:\/\/pipiter-joga.hu\/en\/2021\/02\/17\/mehtisztito-gyakorlat\/\" target=\"_blank\">https:\/\/pipiter-joga.hu\/videok<\/a> <\/p>\n\n\n\n<p>\u27b8<strong> <a rel=\"noreferrer noopener\" href=\"https:\/\/pipiter-joga.hu\/en\/ws\/bev-medit\/\" target=\"_blank\">Bevezet\u00e9s a medit\u00e1ci\u00f3ba<\/a> tanfolyam online: <\/strong>Minden inf\u00f3 <a rel=\"noreferrer noopener\" href=\"https:\/\/pipiter-joga.hu\/en\/ws\/bev-medit\/\" target=\"_blank\">itt<\/a>.<br><\/p>\n\n\n\n<p><a rel=\"noreferrer noopener\" href=\"http:\/\/pipiter-joga.hu\/en\/videok\/\" target=\"_blank\">Vide\u00f3<\/a>premierek, online \u00e9l\u0151 ad\u00e1sok, <a rel=\"noreferrer noopener\" href=\"http:\/\/pipiter-joga.hu\/en\/ws\/\" target=\"_blank\">workshopok<\/a>, medit\u00e1ci\u00f3s tanfolyamok, n\u0151i k\u00f6r\u00f6k, <a rel=\"noreferrer noopener\" href=\"http:\/\/pipiter-joga.hu\/en\/taborok\/\" target=\"_blank\">t\u00e1borok\/ elvonul\u00e1sok<\/a>&#8230; Ha szeretn\u00e9l biztosan \u00e9rtes\u00fclni r\u00f3luk, iratkozz fel a <a rel=\"noreferrer noopener\" href=\"https:\/\/pipiter-joga.hu\/en\/hirlevel\/\" target=\"_blank\">h\u00edrlev\u00e9lre<\/a>!<\/p>\n\n\n\n<btn class=\"new__site--btn\">\n<a class=\"new__site--link\" href=\"https:\/\/pipiter-joga.hu\/en\/hirlevel\/\"> feliratkozom a h\u00edrlev\u00e9lre <\/a><\/btn>","protected":false},"excerpt":{"rendered":"<p>\u27b8 Az \u00daj Korszakr\u00f3l sz\u00f3l\u00f3 csatorn\u00e1zott tan\u00edt\u00e1sok, energetikai-tudati blokkold\u00f3d\u00e1sokat hoz\u00f3, az \u00daj Energi\u00e1ra val\u00f3 \u00e1tkalibr\u00e1l\u00f3d\u00e1st seg\u00edt\u0151 el\u0151ad\u00e1sok &#8211; megtal\u00e1lod a felvteleket a vide\u00f3oldalon, 2990 Ft-\u00e9rt meg tudod venni, amelyiket szeretn\u00e9d\u2606 B\u0151vebben itt tudsz a t\u00e9m\u00e1kr\u00f3l \u00e9s a verb\u00e1lis \u00e9s energetikai \u00e1tad\u00e1sr\u00f3l, csoportos blokkold\u00e1sr\u00f3l olvasni. \u27b8 \u00c9l\u0151ben jelenleg ezeket a j\u00f3ga\u00f3r\u00e1kat tartom, illetve egy\u00e9niben \u00f6nismereti munk\u00e1t&#8230; <a href=\"https:\/\/pipiter-joga.hu\/en\/esemenyek\/\">Continue reading <span class=\"screen-reader-text\">&#8222;Esem\u00e9nyek&#8221;<\/span><\/a><\/p>","protected":false},"author":1,"featured_media":0,"parent":0,"menu_order":0,"comment_status":"closed","ping_status":"closed","template":"","meta":{"pmpro_default_level":"","footnotes":""},"class_list":["post-2138","page","type-page","status-publish","hentry","pmpro-has-access"],"_links":{"self":[{"href":"https:\/\/pipiter-joga.hu\/en\/wp-json\/wp\/v2\/pages\/2138","targetHints":{"allow":["GET"]}}],"collection":[{"href":"https:\/\/pipiter-joga.hu\/en\/wp-json\/wp\/v2\/pages"}],"about":[{"href":"https:\/\/pipiter-joga.hu\/en\/wp-json\/wp\/v2\/types\/page"}],"author":[{"embeddable":true,"href":"https:\/\/pipiter-joga.hu\/en\/wp-json\/wp\/v2\/users\/1"}],"replies":[{"embeddable":true,"href":"https:\/\/pipiter-joga.hu\/en\/wp-json\/wp\/v2\/comments?post=2138"}],"version-history":[{"count":111,"href":"https:\/\/pipiter-joga.hu\/en\/wp-json\/wp\/v2\/pages\/2138\/revisions"}],"predecessor-version":[{"id":12664,"href":"https:\/\/pipiter-joga.hu\/en\/wp-json\/wp\/v2\/pages\/2138\/revisions\/12664"}],"wp:attachment":[{"href":"https:\/\/pipiter-joga.hu\/en\/wp-json\/wp\/v2\/media?parent=2138"}],"curies":[{"name":"wp","href":"https:\/\/api.w.org\/{rel}","templated":true}]}}