{"id":2018,"date":"2020-04-05T21:01:02","date_gmt":"2020-04-05T20:01:02","guid":{"rendered":"https:\/\/pipiter-joga.hu\/?page_id=2018"},"modified":"2025-05-31T08:24:40","modified_gmt":"2025-05-31T07:24:40","slug":"onlinejoga","status":"publish","type":"page","link":"https:\/\/pipiter-joga.hu\/en\/onlinejoga\/","title":{"rendered":"L\u00e9lekkommunik\u00e1ci\u00f3: traumaold\u00e1s \/ blokkold\u00e1s"},"content":{"rendered":"<p>Ha \u00fagy \u00e9rzed, el vagy akadva az \u00e9letedben, szeretn\u00e9l felszabadultabban, \u00f6r\u00f6mtelibben \u00e9lni, magad m\u00f6g\u00f6tt hagyn\u00e1d a traum\u00e1idat, letenn\u00e9d terheidet, fel\u00fcl\u00edrn\u00e1d a gener\u00e1ci\u00f3s vagy egy\u00e9ni \u00f6nsorsront\u00f3 tudati programjaidat, \u00e9s\/vagy fizikailag szeretn\u00e9d jobban \u00e9rezni magad, \u00f6r\u00f6mmel seg\u00edtek l\u00e9lekkommunik\u00e1ci\u00f3val a m\u00e9lyben megh\u00faz\u00f3d\u00f3 blokkok, elakad\u00e1sok felt\u00e1r\u00e1s\u00e1ban \u00e9s kiold\u00e1s\u00e1ban: a Lelked mindent tud R\u00f3lad, \u00e9s sz\u00edvesen el is mondja Neked, ha szeretn\u00e9d\u2026 \u00e9n meg tolm\u00e1csolom az \u00fczeneteit tiszt\u00e1nl\u00e1t\u00e1som\/ finom\u00e9rz\u00e9kel\u00e9sem \u00e1ltal\u2026<br>Hogy mi ez \u00e9s hogyan m\u0171k\u00f6dik, mi\u00e9rt j\u00f3, mi\u00e9rt tudok seg\u00edteni, mennyibe ker\u00fcl&#8230; az al\u00e1bbi gombra nyomva el tudod olvasni\u2026<\/p>\n\n\n\n<div class=\"wp-block-buttons is-layout-flex wp-block-buttons-is-layout-flex\">\n<div class=\"wp-block-button\"><a class=\"wp-block-button__link wp-element-button\" href=\"https:\/\/pipiter-joga.hu\/en\/egyeni\/\"><strong>Tov\u00e1bbi<\/strong> <strong>inf\u00f3k<\/strong><\/a><\/div>\n<\/div>\n\n\n\n<div class=\"wp-block-buttons is-layout-flex wp-block-buttons-is-layout-flex\">\n<div class=\"wp-block-button\"><a class=\"wp-block-button__link wp-element-button\" href=\"https:\/\/app.minup.io\/book\/pipiter\" target=\"_blank\" rel=\"noreferrer noopener\"><strong>Id\u0151pontfoglal\u00e1s<\/strong><\/a><\/div>\n<\/div>","protected":false},"excerpt":{"rendered":"<p>Ha \u00fagy \u00e9rzed, el vagy akadva az \u00e9letedben, szeretn\u00e9l felszabadultabban, \u00f6r\u00f6mtelibben \u00e9lni, magad m\u00f6g\u00f6tt hagyn\u00e1d a traum\u00e1idat, letenn\u00e9d terheidet, fel\u00fcl\u00edrn\u00e1d a gener\u00e1ci\u00f3s vagy egy\u00e9ni \u00f6nsorsront\u00f3 tudati programjaidat, \u00e9s\/vagy fizikailag szeretn\u00e9d jobban \u00e9rezni magad, \u00f6r\u00f6mmel seg\u00edtek l\u00e9lekkommunik\u00e1ci\u00f3val a m\u00e9lyben megh\u00faz\u00f3d\u00f3 blokkok, elakad\u00e1sok felt\u00e1r\u00e1s\u00e1ban \u00e9s kiold\u00e1s\u00e1ban: a Lelked mindent tud R\u00f3lad, \u00e9s sz\u00edvesen el is mondja Neked,&#8230; <a href=\"https:\/\/pipiter-joga.hu\/en\/onlinejoga\/\">Continue reading <span class=\"screen-reader-text\">&#8222;L\u00e9lekkommunik\u00e1ci\u00f3: traumaold\u00e1s \/ blokkold\u00e1s&#8221;<\/span><\/a><\/p>","protected":false},"author":1,"featured_media":0,"parent":0,"menu_order":0,"comment_status":"closed","ping_status":"closed","template":"","meta":{"pmpro_default_level":"","footnotes":""},"class_list":["post-2018","page","type-page","status-publish","hentry","pmpro-has-access"],"_links":{"self":[{"href":"https:\/\/pipiter-joga.hu\/en\/wp-json\/wp\/v2\/pages\/2018","targetHints":{"allow":["GET"]}}],"collection":[{"href":"https:\/\/pipiter-joga.hu\/en\/wp-json\/wp\/v2\/pages"}],"about":[{"href":"https:\/\/pipiter-joga.hu\/en\/wp-json\/wp\/v2\/types\/page"}],"author":[{"embeddable":true,"href":"https:\/\/pipiter-joga.hu\/en\/wp-json\/wp\/v2\/users\/1"}],"replies":[{"embeddable":true,"href":"https:\/\/pipiter-joga.hu\/en\/wp-json\/wp\/v2\/comments?post=2018"}],"version-history":[{"count":78,"href":"https:\/\/pipiter-joga.hu\/en\/wp-json\/wp\/v2\/pages\/2018\/revisions"}],"predecessor-version":[{"id":20120,"href":"https:\/\/pipiter-joga.hu\/en\/wp-json\/wp\/v2\/pages\/2018\/revisions\/20120"}],"wp:attachment":[{"href":"https:\/\/pipiter-joga.hu\/en\/wp-json\/wp\/v2\/media?parent=2018"}],"curies":[{"name":"wp","href":"https:\/\/api.w.org\/{rel}","templated":true}]}}