{"id":19630,"date":"2024-10-29T16:33:05","date_gmt":"2024-10-29T15:33:05","guid":{"rendered":"https:\/\/pipiter-joga.hu\/?page_id=19630"},"modified":"2024-10-29T16:33:05","modified_gmt":"2024-10-29T15:33:05","slug":"endo","status":"publish","type":"page","link":"https:\/\/pipiter-joga.hu\/en\/endo\/","title":{"rendered":"Sz\u00fcless \u00fajj\u00e1 az endometri\u00f3zisb\u00f3l!"},"content":{"rendered":"<div class=\"pmpro\">\n<div class=\"pmpro_card pmpro_content_message\">\n<div class=\"pmpro_card_content\">Ezt az oldalt csak el\u0151fizet\u0151k tekinthetik meg.<br \/><a href=\"https:\/\/pipiter-joga.hu\/en\/tagsag\/membership-levels\/\">V\u00e1lassz el\u0151fizet\u00e9st!<\/a><\/div>\n<div class=\"pmpro_card_actions pmpro_font-medium\">Already a member? <a href=\"https:\/\/pipiter-joga.hu\/en\/login\/?redirect_to=https%3A%2F%2Fpipiter-joga.hu%2Fen%2Fendo%2F\">Log in here<\/a><\/div>\n<\/div>\n<\/div>","protected":false},"excerpt":{"rendered":"<div class=\"pmpro\"><div class=\"pmpro_card pmpro_content_message\"><div class=\"pmpro_card_content\">Ezt az oldalt csak el\u0151fizet\u0151k tekinthetik meg.<br \/><a href=\"https:\/\/pipiter-joga.hu\/en\/tagsag\/membership-levels\/\">V\u00e1lassz el\u0151fizet\u00e9st!<\/a><\/div><div class=\"pmpro_card_actions pmpro_font-medium\">Already a member? <a href=\"https:\/\/pipiter-joga.hu\/en\/login\/?redirect_to=https%3A%2F%2Fpipiter-joga.hu%2Fen%2Fendo%2F\">Log in here<\/a><\/div><\/div><\/div>","protected":false},"author":1,"featured_media":0,"parent":0,"menu_order":0,"comment_status":"closed","ping_status":"closed","template":"","meta":{"pmpro_default_level":"","footnotes":""},"class_list":["post-19630","page","type-page","status-publish","hentry","pmpro-level-required","pmpro-level-22","pmpro-no-access"],"_links":{"self":[{"href":"https:\/\/pipiter-joga.hu\/en\/wp-json\/wp\/v2\/pages\/19630","targetHints":{"allow":["GET"]}}],"collection":[{"href":"https:\/\/pipiter-joga.hu\/en\/wp-json\/wp\/v2\/pages"}],"about":[{"href":"https:\/\/pipiter-joga.hu\/en\/wp-json\/wp\/v2\/types\/page"}],"author":[{"embeddable":true,"href":"https:\/\/pipiter-joga.hu\/en\/wp-json\/wp\/v2\/users\/1"}],"replies":[{"embeddable":true,"href":"https:\/\/pipiter-joga.hu\/en\/wp-json\/wp\/v2\/comments?post=19630"}],"version-history":[{"count":9,"href":"https:\/\/pipiter-joga.hu\/en\/wp-json\/wp\/v2\/pages\/19630\/revisions"}],"predecessor-version":[{"id":19664,"href":"https:\/\/pipiter-joga.hu\/en\/wp-json\/wp\/v2\/pages\/19630\/revisions\/19664"}],"wp:attachment":[{"href":"https:\/\/pipiter-joga.hu\/en\/wp-json\/wp\/v2\/media?parent=19630"}],"curies":[{"name":"wp","href":"https:\/\/api.w.org\/{rel}","templated":true}]}}