{"id":17225,"date":"2023-12-12T05:12:30","date_gmt":"2023-12-12T04:12:30","guid":{"rendered":"https:\/\/pipiter-joga.hu\/?page_id=17225"},"modified":"2023-12-18T20:45:25","modified_gmt":"2023-12-18T19:45:25","slug":"uj-korszak-csomag","status":"publish","type":"page","link":"https:\/\/pipiter-joga.hu\/en\/uj-korszak-csomag\/","title":{"rendered":"\u00daj Korszak-csomag: kalauz az \u00e1tl\u00e9nyeg\u00fcl\u00e9shez az \u00daj Energi\u00e1ban \u26ed\u263d\u2661"},"content":{"rendered":"<div class=\"pmpro\">\n<div class=\"pmpro_card pmpro_content_message\">\n<div class=\"pmpro_card_content\">Ezt az oldalt csak el\u0151fizet\u0151k tekinthetik meg.<br \/><a href=\"https:\/\/pipiter-joga.hu\/en\/tagsag\/membership-levels\/\">V\u00e1lassz el\u0151fizet\u00e9st!<\/a><\/div>\n<div class=\"pmpro_card_actions pmpro_font-medium\">Already a member? <a href=\"https:\/\/pipiter-joga.hu\/en\/login\/?redirect_to=https%3A%2F%2Fpipiter-joga.hu%2Fen%2Fuj-korszak-csomag%2F\">Log in here<\/a><\/div>\n<\/div>\n<\/div>","protected":false},"excerpt":{"rendered":"<div class=\"pmpro\"><div class=\"pmpro_card pmpro_content_message\"><div class=\"pmpro_card_content\">Ezt az oldalt csak el\u0151fizet\u0151k tekinthetik meg.<br \/><a href=\"https:\/\/pipiter-joga.hu\/en\/tagsag\/membership-levels\/\">V\u00e1lassz el\u0151fizet\u00e9st!<\/a><\/div><div class=\"pmpro_card_actions pmpro_font-medium\">Already a member? <a href=\"https:\/\/pipiter-joga.hu\/en\/login\/?redirect_to=https%3A%2F%2Fpipiter-joga.hu%2Fen%2Fuj-korszak-csomag%2F\">Log in here<\/a><\/div><\/div><\/div>","protected":false},"author":1,"featured_media":0,"parent":0,"menu_order":0,"comment_status":"closed","ping_status":"closed","template":"","meta":{"pmpro_default_level":"","footnotes":""},"class_list":["post-17225","page","type-page","status-publish","hentry","pmpro-level-required","pmpro-level-20","pmpro-no-access"],"_links":{"self":[{"href":"https:\/\/pipiter-joga.hu\/en\/wp-json\/wp\/v2\/pages\/17225","targetHints":{"allow":["GET"]}}],"collection":[{"href":"https:\/\/pipiter-joga.hu\/en\/wp-json\/wp\/v2\/pages"}],"about":[{"href":"https:\/\/pipiter-joga.hu\/en\/wp-json\/wp\/v2\/types\/page"}],"author":[{"embeddable":true,"href":"https:\/\/pipiter-joga.hu\/en\/wp-json\/wp\/v2\/users\/1"}],"replies":[{"embeddable":true,"href":"https:\/\/pipiter-joga.hu\/en\/wp-json\/wp\/v2\/comments?post=17225"}],"version-history":[{"count":5,"href":"https:\/\/pipiter-joga.hu\/en\/wp-json\/wp\/v2\/pages\/17225\/revisions"}],"predecessor-version":[{"id":17582,"href":"https:\/\/pipiter-joga.hu\/en\/wp-json\/wp\/v2\/pages\/17225\/revisions\/17582"}],"wp:attachment":[{"href":"https:\/\/pipiter-joga.hu\/en\/wp-json\/wp\/v2\/media?parent=17225"}],"curies":[{"name":"wp","href":"https:\/\/api.w.org\/{rel}","templated":true}]}}