{"id":126,"date":"2017-06-16T09:13:29","date_gmt":"2017-06-16T08:13:29","guid":{"rendered":"https:\/\/pipiter-joga.hu\/?page_id=126"},"modified":"2023-03-20T22:22:02","modified_gmt":"2023-03-20T21:22:02","slug":"ws","status":"publish","type":"page","link":"https:\/\/pipiter-joga.hu\/en\/ws\/","title":{"rendered":"Workshopok, tanfolyamok"},"content":{"rendered":"<p>Kiknek aj\u00e1nlom ezeket a foglalkoz\u00e1sokat?<\/p>\n\n\n\n<div class=\"wp-block-image\"><figure class=\"alignright\"><img loading=\"lazy\" decoding=\"async\" width=\"300\" height=\"225\" src=\"https:\/\/pipiter-joga.hu\/wp-content\/uploads\/2017\/09\/img1505140091142-300x225.png\" alt=\"\" class=\"wp-image-419\" srcset=\"https:\/\/pipiter-joga.hu\/wp-content\/uploads\/2017\/09\/img1505140091142-300x225.png 300w, https:\/\/pipiter-joga.hu\/wp-content\/uploads\/2017\/09\/img1505140091142-768x576.png 768w, https:\/\/pipiter-joga.hu\/wp-content\/uploads\/2017\/09\/img1505140091142-1024x768.png 1024w, https:\/\/pipiter-joga.hu\/wp-content\/uploads\/2017\/09\/img1505140091142-612x459.png 612w, https:\/\/pipiter-joga.hu\/wp-content\/uploads\/2017\/09\/img1505140091142-1224x918.png 1224w, https:\/\/pipiter-joga.hu\/wp-content\/uploads\/2017\/09\/img1505140091142-936x702.png 936w, https:\/\/pipiter-joga.hu\/wp-content\/uploads\/2017\/09\/img1505140091142-720x540.png 720w, https:\/\/pipiter-joga.hu\/wp-content\/uploads\/2017\/09\/img1505140091142.png 1400w\" sizes=\"auto, (max-width: 300px) 100vw, 300px\" \/><\/figure><\/div>\n\n\n\n<p>Azoknak, akik szeretn\u00e9k k\u00e9zbe venni az \u00e9let\u00fck ir\u00e1ny\u00edt\u00e1s\u00e1t, szeretn\u00e9nek k\u00f6nnyebben megbirk\u00f3zni egy-egy \u00e9letszakasz feladataival, net\u00e1n egy kor\u00e1bbi traum\u00e1t feldolgozni, vagy jelenlegi betegs\u00e9get elkezdeni lelki szinten is gy\u00f3gy\u00edtani\u2026 fokozatosan elm\u00e9ly\u00fclni saj\u00e1t szem\u00e9lyis\u00e9g\u00fck ismeret\u00e9ben.<\/p>\n\n\n\n<p>Ezek a foglalkoz\u00e1sok mind elm\u00e9letet \u00e9s gyakorlatot is tartalmaznak.<\/p>\n\n\n\n<p>Tov\u00e1bbi inform\u00e1ci\u00f3k:<\/p>\n\n\n\n<p>\u27b8 <a href=\"https:\/\/pipiter-joga.hu\/en\/mehtisztito-gyakorlat-workshop\/\" target=\"_blank\" rel=\"noreferrer noopener\"><strong>M\u00e9htiszt\u00edt\u00f3 gyakorlat &#8211; Hat\u00e9kony elenged\u00e9s \u00e9s meg\u00fajul\u00e1s &#8212; workshop<\/strong><\/a><\/p>\n\n\n\n<p><strong>\u27b8 <a href=\"https:\/\/pipiter-joga.hu\/en\/ws\/bev-medit\/\">Bevezet\u00e9s a medit\u00e1ci\u00f3ba sorozat<\/a><\/strong><\/p>\n\n\n\n<p>\u27b8\u00a0<a href=\"https:\/\/pipiter-joga.hu\/en\/ws\/noikor\/\"><strong>\u00c1szan\u00e1z\u00e1s \u00e9s medit\u00e1ci\u00f3 N\u0150I K\u00d6Rben<\/strong><\/a> ~\u273c~\u273c~ Pipit\u00e9r Koszor\u00fa ~\u273c~\u273c~ (jelenleg nem akt\u00edv)<\/p>\n\n\n\n<p class=\"has-text-align-center\">\u273c\u274b\u273c<\/p>\n\n\n<p><\/p>\n<p style=\"text-align: center;\"><\/p>","protected":false},"excerpt":{"rendered":"<p>Kiknek aj\u00e1nlom ezeket a foglalkoz\u00e1sokat? Azoknak, akik szeretn\u00e9k k\u00e9zbe venni az \u00e9let\u00fck ir\u00e1ny\u00edt\u00e1s\u00e1t, szeretn\u00e9nek k\u00f6nnyebben megbirk\u00f3zni egy-egy \u00e9letszakasz feladataival, net\u00e1n egy kor\u00e1bbi traum\u00e1t feldolgozni, vagy jelenlegi betegs\u00e9get elkezdeni lelki szinten is gy\u00f3gy\u00edtani\u2026 fokozatosan elm\u00e9ly\u00fclni saj\u00e1t szem\u00e9lyis\u00e9g\u00fck ismeret\u00e9ben. Ezek a foglalkoz\u00e1sok mind elm\u00e9letet \u00e9s gyakorlatot is tartalmaznak. Tov\u00e1bbi inform\u00e1ci\u00f3k: \u27b8 M\u00e9htiszt\u00edt\u00f3 gyakorlat &#8211; Hat\u00e9kony elenged\u00e9s \u00e9s&#8230; <a href=\"https:\/\/pipiter-joga.hu\/en\/ws\/\">Continue reading <span class=\"screen-reader-text\">&#8222;Workshopok, tanfolyamok&#8221;<\/span><\/a><\/p>","protected":false},"author":1,"featured_media":0,"parent":0,"menu_order":0,"comment_status":"closed","ping_status":"closed","template":"","meta":{"pmpro_default_level":"","footnotes":""},"class_list":["post-126","page","type-page","status-publish","hentry","pmpro-has-access"],"_links":{"self":[{"href":"https:\/\/pipiter-joga.hu\/en\/wp-json\/wp\/v2\/pages\/126","targetHints":{"allow":["GET"]}}],"collection":[{"href":"https:\/\/pipiter-joga.hu\/en\/wp-json\/wp\/v2\/pages"}],"about":[{"href":"https:\/\/pipiter-joga.hu\/en\/wp-json\/wp\/v2\/types\/page"}],"author":[{"embeddable":true,"href":"https:\/\/pipiter-joga.hu\/en\/wp-json\/wp\/v2\/users\/1"}],"replies":[{"embeddable":true,"href":"https:\/\/pipiter-joga.hu\/en\/wp-json\/wp\/v2\/comments?post=126"}],"version-history":[{"count":37,"href":"https:\/\/pipiter-joga.hu\/en\/wp-json\/wp\/v2\/pages\/126\/revisions"}],"predecessor-version":[{"id":12667,"href":"https:\/\/pipiter-joga.hu\/en\/wp-json\/wp\/v2\/pages\/126\/revisions\/12667"}],"wp:attachment":[{"href":"https:\/\/pipiter-joga.hu\/en\/wp-json\/wp\/v2\/media?parent=126"}],"curies":[{"name":"wp","href":"https:\/\/api.w.org\/{rel}","templated":true}]}}