{"id":10212,"date":"2022-10-29T10:10:29","date_gmt":"2022-10-29T09:10:29","guid":{"rendered":"https:\/\/pipiter-joga.hu\/?page_id=10212"},"modified":"2026-02-24T05:25:49","modified_gmt":"2026-02-24T04:25:49","slug":"tanitas-eloadas","status":"publish","type":"page","link":"https:\/\/pipiter-joga.hu\/en\/tanitas-eloadas\/","title":{"rendered":"Tan\u00edt\u00e1s\/ el\u0151ad\u00e1s"},"content":{"rendered":"<p>Nagyon sok tan\u00edt\u00e1st tal\u00e1lsz itt a honlapon, a <a href=\"https:\/\/pipiter-joga.hu\/en\/blog\/\" data-type=\"page\" data-id=\"39\">blogon<\/a>, illetve a <a href=\"http:\/\/youtube.com\/pipiterjoga\">youtube-csatorn\u00e1mon <\/a>is, igyenesen. Ezek mind magas energi\u00e1kat tartalmaznak, isteni tan\u00edt\u00f3k t\u00e1mogat\u00e1s\u00e1val: azt javaslom, \u00fagy olvasd, hallgasd \u0151ket, hogy kijelented &#8222;Befogadom ebb\u0151l a tan\u00edt\u00e1sb\u00f3l, ami sz\u00e1momra emel\u0151, t\u00e1pl\u00e1l\u00f3, gy\u00f3gy\u00edt\u00f3&#8221; &#8211; \u00edgy akkor m\u00e9g hat\u00e9konyabban tudod felvenni az energiamint\u00e1kat, amelyek sz\u00e1modra \u00e9pp hasznosak, \u00e9s k\u00f6nnyebben \u00f6ssze is \u00e1ll, illetve m\u00e9ly\u00fcl Benned\/ a tudatodban a k\u00f6vetkez\u0151 szint\u0171 tud\u00e1sod.<\/p>\n\n\n\n<p>Mivel magas, tiszta, isteni energia van a vide\u00f3kban, mindig \u00fajabb dolgokat fogsz tudni bel\u0151l\u00fck meg\u00e9rteni, vagyis \u00e9rdemes t\u00f6bbsz\u00f6r meghallgatni \u0151ket, f\u00e9l\u00e9vente-\u00e9vente mondjuk&#8230; <\/p>\n\n\n\n<p>Ha szeretn\u00e9l \u00e9rtes\u00fclni mindig arr\u00f3l, ha \u00fajabb tan\u00edt\u00e1s ker\u00fcl ki ak\u00e1r blogposztk\u00e9nt, ak\u00e1r vide\u00f3k\u00e9nt vagy esetleg szem\u00e9lyes tal\u00e1lkoz\u00f3val egybek\u00f6t\u00f6tt tan\u00edt\u00e1st szervezek, iratkozz fel a <a href=\"http:\/\/pipiter-joga.hu\/en\/hirlevel\/\">h\u00edrlev\u00e9lre<\/a>.<\/p>\n\n\n\n<p>A <a href=\"https:\/\/pipiter-joga.hu\/en\/videok\/\" data-type=\"page\" data-id=\"5033\">vide\u00f3k men\u00fcpontban<\/a> pedig tudsz v\u00e1s\u00e1rolni is tov\u00e1bbi \u00f6nfejleszt\u0151 tanfolyamokat,  illetve m\u00e9g m\u00e9lyebben sz\u00e1nt\u00f3 \u00e9s m\u00e9g er\u0151teljesebb energi\u00e1val felt\u00f6lt\u00f6tt el\u0151ad\u00e1sokat&#8230; <\/p>\n\n\n\n<p>namaste\u2661 Bori<\/p>\n\n\n\n<h1 class=\"wp-block-heading\">Az \u00daj Korszak<\/h1>\n\n\n\n<h2 class=\"wp-block-heading\">El\u0151ad\u00e1s\/ hangol\u00f3d\u00e1ssal, energetikai-tudati munk\u00e1val \u00e1tsz\u0151tt, csatorn\u00e1zott tan\u00edt\u00e1s<\/h2>\n\n\n\n<p><br>Nagyon m\u00e9lyrehat\u00f3, massz\u00edv \u00e1talakul\u00e1s, v\u00e1ltoz\u00e1s van a vil\u00e1gban, \u00e9s ez nem v\u00e9letlen, oka \u00e9s c\u00e9lja van &#8211; ezeket szeretn\u00e9m felt\u00e1rni, valamint seg\u00edteni az \u00e1tkalibr\u00e1l\u00f3d\u00e1st az \u00daj Energi\u00e1ra az arra k\u00e9szen \u00e1ll\u00f3k sz\u00e1m\u00e1ra.<\/p>\n\n\n\n<p>Medit\u00e1ci\u00f3ban, \u00fczenetben kaptam a feladatot, hogy tartsak az \u00daj Korszakr\u00f3l el\u0151ad\u00e1sokat, hangol\u00f3d\u00e1ssal, energetikai-tudati munk\u00e1val \u00e1tsz\u0151tt tan\u00edt\u00e1sokat, hogy seg\u00edtsem ezzel is a felf\u00e9nyesed\u00e9st a F\u00f6ld\u00f6n azok sz\u00e1m\u00e1ra, akik m\u00e1r \u00e9rzik a v\u00e1ltoz\u00e1st, \u00e9s k\u00e9pesek megny\u00edlni fel\u00e9, \u00e9s befogadni az egyre er\u0151s\u00f6d\u0151, nagyon magas rezg\u00e9s\u0171 energi\u00e1kat.<\/p>\n\n\n\n<p>A szabad akarat a legf\u0151bb t\u00f6rv\u00e9ny az Univerzumban, \u00edgy r\u00e1nk is, most is \u00e9rv\u00e9nyes: most is v\u00e1laszthatunk, hogyan \u00e9l\u00fcnk a lehet\u0151s\u00e9ggel: kapcsol\u00f3dhatunk ezzel az \u00faj energi\u00e1val tudatosan \u00e9s nyitottan, azaz <strong>hozz\u00e1alak\u00edthatjuk magunkat, \u00e9s m\u00e9lt\u00f3s\u00e1gunk \u00e9s lehet\u0151s\u00e9geink teljes tudat\u00e1ban fel\u00fclhet\u00fcnk ennek a hatalmas energiahull\u00e1mnak a tetej\u00e9re<\/strong>, sz\u00f6rf\u00f6zhet\u00fcnk rajta, \u00f6r\u00f6mtelien \u00e9s szabadon, \u00e9lvezhetj\u00fck az egyre \u00e9s egyre ny\u00edl\u00f3 lehet\u0151s\u00e9geket, dimenzi\u00f3kat;<br>vagy ragaszkodhatunk a r\u00e9gi s\u00e9m\u00e1khoz, rendszerhez, elk\u00e9pzel\u00e9seinkhez&#8230; f\u00e9lhet\u00fcnk is ett\u0151l a hatalmas v\u00e1ltoz\u00e1st\u00f3l, ellen is \u00e1llhatunk neki, kapaszkodhatunk a leboml\u00f3 rendszerekbe &#8211; az viszont azt hozza, hogy hatalmas nyom\u00e1st \u00e9l\u00fcnk meg, az egyre n\u00f6vekv\u0151 F\u00e9ny, az egyre magasabb rezg\u00e9s nyom\u00e1s\u00e1t, \u00e9s szenved\u00e9seket vonzunk be magunknak, am\u00edg nem merj\u00fck felnyitni a szem\u00fcnket \u00e9s sz\u00edv\u00fcnket arra, hogy ez \u00e9rt\u00fcnk t\u00f6rt\u00e9nik, a v\u00e1ltoz\u00e1s emel\u0151, szabadd\u00e1 tev\u0151 lehet\u0151s\u00e9geket hoz mindig \u00e9s most is, teh\u00e1t \u00e9rdemes tudatosan nyitni, v\u00e1ltozni, a Sz\u00edv\u00fcnkkel, Lelk\u00fcnkkel kapcsol\u00f3dni&#8230;<\/p>\n\n\n<div class=\"wp-block-image is-resized\">\n<figure class=\"aligncenter size-large\"><img loading=\"lazy\" decoding=\"async\" width=\"640\" height=\"366\" src=\"https:\/\/pipiter-joga.hu\/wp-content\/uploads\/2022\/09\/feny-1_1523182273.jpg\" alt=\"\" class=\"wp-image-9378\" srcset=\"https:\/\/pipiter-joga.hu\/wp-content\/uploads\/2022\/09\/feny-1_1523182273.jpg 640w, https:\/\/pipiter-joga.hu\/wp-content\/uploads\/2022\/09\/feny-1_1523182273-300x172.jpg 300w, https:\/\/pipiter-joga.hu\/wp-content\/uploads\/2022\/09\/feny-1_1523182273-16x9.jpg 16w, https:\/\/pipiter-joga.hu\/wp-content\/uploads\/2022\/09\/feny-1_1523182273-612x350.jpg 612w\" sizes=\"auto, (max-width: 640px) 100vw, 640px\" \/><\/figure>\n<\/div>\n\n\n<p>Az\u00e9rt is kaphattam ezt a feladatot, mert az ut\u00f3bbi p\u00e1r \u00e9vben m\u00e1r az \u00daj Energia, \u00daj Korszak &#8222;szempontjai&#8221; szerint \u00e9lek egyre ink\u00e1bb, \u00edgy tapasztalataim is vannak, azokat is \u00e1t tudom adni; illetve mert megny\u00edlt 2021 v\u00e9g\u00e9n a finom\u00e9rz\u00e9kel\u00e9sem (Harmadik szemem), \u00e9s a L\u00e9lekkapcsolatom (Koronacsakr\u00e1m) is olyan m\u00e9rt\u00e9kben, hogy k\u00e9pes vagyok lehozni, csatorn\u00e1zni, szavakba \u00f6nteni nagyon magas, isteni tisztas\u00e1g\u00fa szintr\u0151l \u00e9rkez\u0151 inform\u00e1ci\u00f3kat (hogy ez megt\u00f6rt\u00e9nhessem, sz\u00fcks\u00e9ges volt el\u0151tte kidolgoznom mindenf\u00e9le szem\u00e9lyes traum\u00e1mat, szem\u00e9lyis\u00e9gbeli blokkomat, hogy tiszta csatorn\u00e1v\u00e1 v\u00e1lhassak&#8230; err\u0151l a <a rel=\"noreferrer noopener\" href=\"https:\/\/pipiter-joga.hu\/en\/magamrol\/\" data-type=\"page\" data-id=\"66\" target=\"_blank\">magamr\u00f3l <\/a>men\u00fcpontban t\u00f6bbet olvashatsz)&#8230; teh\u00e1t <strong>a tan\u00edt\u00e1son nem csup\u00e1n \u00e9n veszek r\u00e9szt, nem \u00e9n vezetem, \u00e9n csak testben vagyok ott, nem \u00e9n adom \u00e1t a tud\u00e1som, hanem isteni tisztas\u00e1g\u00fa Felemelkedett Mesterek (f\u0151k\u00e9nt Saint-Germain) energi\u00e1j\u00e1t, inform\u00e1ci\u00f3it csatorn\u00e1zom verb\u00e1lisan \u00e9s energetikailag is<\/strong> annak, aki megnyitja mag\u00e1t&#8230; intenz\u00edv felismer\u00e9seket, blokkold\u00f3d\u00e1sokat tud hozni ez a magas rezg\u00e9s\u0171 t\u00e9r, \u00e9s mivel a magas szint\u0171 energia maxim\u00e1lisan intelligens, mindenki sz\u00e1m\u00e1ra  a legmegfelel\u0151bb m\u00f3don seg\u00edti az \u00daj Korszak energi\u00e1j\u00e1ra val\u00f3 \u00e1t\u00e1ll\u00e1st (kv\u00e1zi egy beavat\u00e1st kap, aki elfogadja). De persze nem k\u00f6telez\u0151 megnyitni mag\u00e1t egy r\u00e9sztvev\u0151nek sem (v\u00f6. szabad akarat), \u00fagy is van haszna az el\u0151ad\u00e1s meghallgat\u00e1s\u00e1nak&#8230; err\u0151l lejjebb b\u0151vebben \u00edrok.<\/p>\n\n\n\n<p>A be\u00e1raml\u00f3 tiszta, intelligens energia a csoport ig\u00e9nyeihez \u00e9s egy\u00e9neihez is alkalmazkodik, \u00edgy az egyes, azonos c\u00edmen meghirdetett alkalmak tartalma n\u00e9mileg k\u00fcl\u00f6nb\u00f6zhet&#8230; ez egy organikus m\u0171faj, sz\u00f3val minden tekintetben lehetnek v\u00e1ltoz\u00e1sok a ki\u00edr\u00e1shoz k\u00e9pest&#8230; engedj\u00fck az \u00c1raml\u00e1st dolgozni, j\u00f3l tudja, mi emel legink\u00e1bb minket&#8230; \ud83d\ude42 ? <img loading=\"lazy\" decoding=\"async\" alt=\"?\" src=\"https:\/\/static.xx.fbcdn.net\/images\/emoji.php\/v9\/t80\/1\/16\/1f64f.png\" width=\"16\" height=\"16\"><img loading=\"lazy\" decoding=\"async\" alt=\"?\" src=\"https:\/\/static.xx.fbcdn.net\/images\/emoji.php\/v9\/t6a\/1\/16\/1f497.png\" width=\"16\" height=\"16\"> <\/p>\n\n\n\n<p>A tan\u00edt\u00e1st <strong>hangol\u00f3d\u00e1s <\/strong>k\u00f6veti, ekkor mindenkinek beh\u00edvjuk a <strong>Lelk\u00e9t<\/strong>, \u00d6nval\u00f3j\u00e1t, a val\u00f3di, legmagasabb szint\u0171 \u00e9nj\u00e9t, \u00e9s javaslok mantr\u00e1t is, amivel ezt minden nap t\u00f6bbsz\u00f6r is megteheted&#8230; min\u00e9l t\u00f6bbsz\u00f6r ann\u00e1l jobb! : )  <\/p>\n\n\n\n<p>A hangol\u00f3d\u00e1s mellett mindig javaslok <strong>gyakorlatokat<\/strong>, amelyekkel er\u0151s\u00edteni, tiszt\u00edtani, emelni tudjuk magunkat ak\u00e1r napi szinten, hogy m\u00e9g k\u00f6nnyebben menjen az \u00e1talakul\u00e1s, f\u00e9nyesed\u00e9s.<\/p>\n\n\n\n<p>A tan\u00edt\u00e1st egy <strong>b\u0151 \u00f3r\u00e1s j\u00f3ga\u00f3ra el\u0151zi meg<\/strong>, amelynek a haszna, hogy seg\u00edt nyitottabb\u00e1 v\u00e1lni az energi\u00e1k befogad\u00e1s\u00e1ra azzal, hogy kimozgatjuk a fizikai test\u00fcnkb\u0151l a g\u00f6rcs\u00f6ss\u00e9geket, kiszakadunk jobban a h\u00e9tk\u00f6znapokb\u00f3l, meg\u00e9rkez\u00fcnk tudatosan a jelenbe&#8230; teh\u00e1t tiszt\u00e1bban, nyitottabban tudjuk beengedni az ut\u00e1na k\u00f6vetkez\u0151 el\u0151ad\u00e1s\/ tan\u00edt\u00e1s sor\u00e1n a Nagymesterek energi\u00e1j\u00e1t. DE<strong> fontos, hogy NEM K\u00d6TELEZ\u0150 megnyitnod magad<\/strong>, ha m\u00e9g nem szeretn\u00e9d b\u00e1rmi miatt!! Akkor is van haszna, racion\u00e1lis meg\u00e9rt\u00e9st akkor is hoz az el\u0151ad\u00e1s&#8230; err\u0151l lejjebb b\u0151vebben&#8230;<\/p>\n\n\n\n<p>Lejjebb <a href=\"#gyik\" data-type=\"internal\" data-id=\"#gyik\">GYIK <\/a>form\u00e1j\u00e1ban, k\u00e9rdezz-felelek-ben tov\u00e1bbi r\u00e9szleteket tal\u00e1lsz&#8230; <br>most viszont<\/p>\n\n\n\n<h2 class=\"wp-block-heading\">Aktu\u00e1lis helysz\u00ednek, id\u0151pontok<\/h2>\n\n\n\n<p>\u27b8 \u00c9l\u0151ben jelenleg nincsenek alkalmak, a kor\u00e1bbiakat a <a rel=\"noreferrer noopener\" href=\"https:\/\/pipiter-joga.hu\/en\/videok\/\" data-type=\"page\" data-id=\"5033\" target=\"_blank\">vide\u00f3oldalamon<\/a> tudod megvenni.<\/p>\n\n\n\n<h2 class=\"wp-block-heading\">T\u00e1rgyalt t\u00e9mak\u00f6r\u00f6k<\/h2>\n\n\n\n<p>\u27b8 Az els\u0151 t\u00e9mak\u00f6r: \u201cAz \u00daj Korszak \u2013 hogyan lehet \u00f6r\u00f6mteli Sz\u00e1modra a most megny\u00edl\u00f3 id\u0151szak?\u201c:<br>\u00e1ltal\u00e1nos \u00e1ttekint\u00e9s: miben k\u00fcl\u00f6nb\u00f6zik az \u00daj Korszak a R\u00e9git\u0151l, mi\u00e9rt j\u00f6tt\u00fcnk a F\u00f6ldre, mit tapasztaltunk r\u00e9gen, \u00e9s mit sz\u00fcks\u00e9ges most megtanulnunk&#8230; mi\u00e9rt indult el ez a nagy v\u00e1ltoz\u00e1s, \u00e9s milyen lehet\u0151s\u00e9geket rejt&#8230;<br>\u27b8 A m\u00e1sodik t\u00e9mak\u00f6r: a racion\u00e1lis \u00e9s az intuit\u00edv \u00e9n harm\u00f3ni\u00e1ja, a f\u00e9rfi \u00e9s n\u0151i energi\u00e1k, min\u0151s\u00e9gek \u00f6sszhangja egy\u00e9nileg \u00c9S p\u00e1rkapcsolatban\u2026 A jobb \u00e9s a bal agyf\u00e9lteke, a n\u0151i \u00e9s f\u00e9rfiagy k\u00fcl\u00f6nbs\u00e9gei, energiarendszer\u00fck \u00e9s szerelm\u00fck meg\u00e9l\u00e9s\u00e9nek k\u00fcl\u00f6nbs\u00e9gei&#8230; Hogyan lesz tart\u00f3s a szerelem, a k\u00f6z\u00f6s fejl\u0151d\u00e9s? Mi a kulcs az \u00daj Korszakban a n\u0151i \u00e9s f\u00e9rfi min\u0151s\u00e9g szempontj\u00e1b\u00f3l. \u00c9s egy tiszt\u00edt\u00f3 energetikai gyakorlat tanul\u00e1sa. <br>\u27b8 Harmadik t\u00e9mak\u00f6r: Kapcsol\u00f3d\u00e1s, k\u00f6z\u00f6ss\u00e9g, kommunik\u00e1ci\u00f3 (karmikus \u00e9s v\u00e1lasztott kapcsolataink: csal\u00e1d, anya, apa, gyerek, p\u00e1rkapcsolat, \u00e9s egy\u00e9b kisebb-nagyobb k\u00f6z\u00f6ss\u00e9gek t\u00e9mak\u00f6re. Hogyan tudjuk t\u00e9nylegesen m\u0171k\u00f6d\u0151v\u00e9, t\u00e1mogat\u00f3v\u00e1-szeretetteljess\u00e9 tenni ezeket az \u00e9let\u00fcnkben&#8230; Sz\u00edvt\u0151l-sz\u00edvig kommunik\u00e1ci\u00f3, er\u0151szakmentes kommunik\u00e1ci\u00f3, torok- \u00e9s sz\u00edvcsakra nyit\u00e1sa\/ blokkja, pajzsmirigy, sz\u00edv betegs\u00e9gei, \u00fczenetei. Energetikai t\u00f6rv\u00e9nyek kapcsolatainkban, a tudatosod\u00e1s hogyan alak\u00edtja \u00e1t kapcsolatainkat&#8230; V\u00e9d\u0151pajzs energi\u00e1j\u00e1nak bet\u00f6lt\u00e9se \u00e9s haszn\u00e1lata; egy\u00fctt\u00e9rz\u00e9s bet\u00f6lt\u00e9se&#8230;)<br>\u27b8 Negyedik t\u00e9mak\u00f6r: az egys\u00e9g, a felt\u00e9tel n\u00e9lk\u00fcli szeretet, illetve a k\u00e9ts\u00e9g, \u00e1rny\u00e9k haszna, tan\u00edt\u00e1sai&#8230; Mi\u00e9rt van s\u00f6t\u00e9ts\u00e9g, mi\u00e9rt van gonoszs\u00e1g jelen a F\u00f6ld\u00f6n&#8230;? A fent \u00e9s a lent harm\u00f3ni\u00e1ja. A Hal\u00e1l \u00e9s az \u00c9let jellemz\u0151i. Mi t\u00f6rt\u00e9nik a hal\u00e1l, haldokl\u00e1s sor\u00e1n? A val\u00f3di b\u00e9ke, a val\u00f3di szeretet l\u00e9trehoz\u00e1sa \u00e9let\u00fcnkben, magunkban, \u00e9s a F\u00f6ld\u00f6n, hogyan tudunk kij\u00f6nni a harcokb\u00f3l, vit\u00e1kb\u00f3l k\u00fczdelmekb\u0151l? A val\u00f3di k\u00f6rnyezetv\u00e9delem, Gaia \u00fczenete. A val\u00f3ban er\u0151szakmentes l\u00e9tez\u00e9s, a val\u00f3di egys\u00e9g&#8230;<\/p>\n\n\n\n<p>Mindegyik elhangzott tan\u00edt\u00e1s megv\u00e1s\u00e1rolhat\u00f3 a <a href=\"http:\/\/pipiter-joga.hu\/en\/videok\/\" target=\"_blank\" rel=\"noreferrer noopener\">vide\u00f3oldalon<\/a>, illetve folyamatosan \u00fajabb inf\u00f3k is j\u00f6nnek le, ezeket a blogbejegyz\u00e9sekben, ill. ingyenes vide\u00f3kban adom \u00e1t, iratkozz fel a <a href=\"http:\/\/pipiter-joga.hu\/en\/hirlevel\/\" target=\"_blank\" rel=\"noreferrer noopener\">h\u00edrlev\u00e9lre<\/a>, hogy \u00e9rtes\u00fclj r\u00f3luk mindig! <\/p>\n\n\n\n<h2 class=\"wp-block-heading\" id=\"gyik\">GYIK: gyakran ism\u00e9telt k\u00e9rd\u00e9sek &#8211; \u00e9s v\u00e1laszok &#8211; a tan\u00edt\u00e1ssal kapcsolatban<\/h2>\n\n\n\n<p>El\u0151rebocs\u00e1tom, hogy nagyon szuper, ha j\u00f6nnek k\u00e9rd\u00e9sek, mert <strong>nagyon fontos, hogy a racion\u00e1lis elm\u00e9nkkel is \u00e9rts\u00fck mi t\u00f6rt\u00e9nik<\/strong>, mert ha bizonytalanok vagyunk, nem \u00e9rtj\u00fck, k\u00f6d\u00f6s, az akad\u00e1lyozza az energia-\u00e1raml\u00e1st, \u00e9s nem tud olyan hat\u00e9kony lenni az old\u00f3d\u00e1s, \u00e1tkalibr\u00e1l\u00f3d\u00e1s\u2026 \u00e9s mindig van \u00e9rthet\u0151 v\u00e1lasz- ha nyitott vagy a befogad\u00e1s\u00e1ra, logikusan is abszol\u00fat \u00e9rthet\u0151v\u00e9 v\u00e1lnak a folyamatok, m\u00e9g olyan elvont dolgok is, mint tudat, energia, l\u00e9lek, stb. (am\u00fagy ha ezeket szeretn\u00e9d alaposabban k\u00f6rbej\u00e1rni, a <a rel=\"noreferrer noopener\" href=\"https:\/\/pipiter-joga.hu\/en\/ws\/bev-medit\/\" data-type=\"page\" data-id=\"481\" target=\"_blank\">Bevezet\u00e9s a medit\u00e1ci\u00f3ba<\/a> tanfolyamomat aj\u00e1nlom figyelmedbe)<\/p>\n\n\n\n<p>\u27b8 <em>Csoportosan hogyan t\u00f6rt\u00e9nik a blokkold\u00e1s (r\u00e1n\u00e9zek-e k\u00fcl\u00f6n mindenki elakad\u00e1s\u00e1ra&#8230;)?<\/em><br>\u2981 Ez a szitu k\u00fcl\u00f6nb\u00f6zik az <a rel=\"noreferrer noopener\" href=\"https:\/\/pipiter-joga.hu\/en\/egyeni\/\" data-type=\"page\" data-id=\"1173\" target=\"_blank\">egy\u00e9ni l\u00e9lekkommunik\u00e1ci\u00f3t\u00f3l<\/a>: itt csoportos \u00e9s tan\u00edt\u00e1ssal egybek\u00f6t\u00f6tt. Ez \u00fagy m\u0171k\u00f6dik, hogy nem n\u00e9zem meg egyenk\u00e9nt mindenkinek az aktu\u00e1lisan felsz\u00ednre j\u00f6tt blokkjait\/ elakad\u00e1sait, el\u0151z\u0151 \u00e9leteit, stb., hanem egyszer\u0171en csak \u00e9rz\u00e9kelem, hogyan besz\u00e9ljek, mit mondjak- \u00e9s mindenkihez meg\u00e9rkezik a v\u00e1lasz, az inf\u00f3 (energia), ami neki \u00e9pp kell, sokszor m\u00e1r a k\u00e9rd\u00e9s feltev\u00e9se n\u00e9lk\u00fcl.<br>Teh\u00e1t egyr\u00e9szt verb\u00e1lisan is meg\u00e9rkezik a sz\u00fcks\u00e9ges inf\u00f3, ugyanakkor energia form\u00e1j\u00e1ban is (az energia mindig inform\u00e1ci\u00f3t hordoz), mivel mik\u00f6zben besz\u00e9lek, hatalmas energia j\u00e1r \u00e1t, nagyon magas szint\u0171, isteni tisztas\u00e1g\u00fa (a F\u00f6ld iskol\u00e1j\u00e1t m\u00e1r b\u0151ven kij\u00e1rt, itt is megvil\u00e1gosodott) Mesterek k\u00f6zvet\u00edt\u0151je vagyok, az \u0151 eszk\u00f6z\u00fckk\u00e9nt m\u0171k\u00f6d\u00f6m, teh\u00e1t rajtam kereszt\u00fcl nagy, magas szint\u0171, <strong>a Lelkedhez emel\u0151, tiszta energia \u00e1ramlik be <\/strong>az energiarendszeredbe, \u00e9s ez a nagy er\u0151 elkezdi a blokkokat le\u00e9p\u00edteni \u00e9s helyette a kreativit\u00e1s,szabads\u00e1g, b\u0151s\u00e9g, \u00f6r\u00f6m, stb, magas rezg\u00e9s\u0171\/ szint\u0171 energi\u00e1kat megnyitni.<br>Az old\u00f3d\u00e1s teh\u00e1t azzal j\u00f6n l\u00e9tre (vagy indul el (aszerint, kinek milyen m\u00e9rt\u00e9k\u0171 az adott tudati\/ energetikai blokkja)), hogy megnyitod magad, \u00e9s ezzel a sz\u00e1nd\u00e9kodat is kinyilv\u00e1n\u00edtod, hogy \u00e1t akarsz alakulni az \u00daj Korszak energi\u00e1ihoz, illetve ennek megfelel\u0151en a legmagasabb szinteddel, a Lelkeddel egyes\u00fclni- ez a Te r\u00e9szed: a nyit\u00e1s, a megenged\u00e9s, ami <strong>szabad akaratodb\u00f3l val\u00f3 d\u00f6nt\u00e9sed<\/strong> <strong>\u00e1ltal l\u00e9tre is j\u00f6n<\/strong>.<br><\/p>\n\n\n\n<p>\u27b8 <em>Nem terhelhet meg a nagy energia, amit kapok?<\/em><br>\u2981 Az az energia, ami \u00e9rkezik, az magas szint\u0171, <strong>tiszta, emel\u0151 energia<\/strong>, ami azt is jelenti, hogy <strong>maxim\u00e1lisan intelligens<\/strong>, teh\u00e1t mindenkihez a neki megfelel\u0151 m\u00f3don alkalmazkodik, azaz <strong>pontosan olyan m\u00f3don \u00e9s m\u00e9rt\u00e9kben kezd T\u00e9ged is \u00e1talak\u00edtani, ahogy Neked t\u00f6k\u00e9letesen megfelel\u0151<\/strong>.<br>Lehet, hogy \u00e9rzel ut\u00e1na f\u00e1radts\u00e1got 1-2 napig, mert elkezd \u00e1talakulni a m\u0171k\u00f6d\u00e9sed, \u00e9s ez picit olyan, mint egy m\u0171t\u00e9t, kivesz \u00e9s betesz dolgokat, csak energetikailag, \u00fagyhogy igyekezz biztos\u00edtani magadnak ut\u00e1na a pihen\u00e9st, \u00e9s igy\u00e1l sok vizet, hogy fizikai szinten is t\u00e1mogasd a kitisztul\u00e1st, a r\u00e9gi, lej\u00e1rt energi\u00e1k\/ anyagok t\u00e1voz\u00e1s\u00e1t&#8230;<\/p>\n\n\n\n<p>\u27b8 <em>Ha mindenki megnyitja mag\u00e1t a csoportban, nem keverednek \u00f6ssze az energi\u00e1k? \u00c9s nem l\u00e1tnak r\u00e1 az \u00e9n szem\u00e9lyes probl\u00e9m\u00e1imra?<\/em><br>\u2981 Mindenki fel\u00e9m, jobban mondva <em>rajtam kereszt\u00fcl<\/em> nyitja meg mag\u00e1t, teh\u00e1t <em>egym\u00e1ssal <\/em>nem kapcsol\u00f3dtok \u00f6ssze, \u00f6sszekeveredni nem fognak az energi\u00e1itok, \u00e9s bel\u00e9d sem l\u00e1t senki m\u00e1s jobban, mint m\u00e1skor.<br>A &#8222;rajtam kereszt\u00fcl&#8221; kifejez\u00e9s az\u00e9rt fedi jobban, ami t\u00f6rt\u00e9nik, mert \u00e9n csatorna vagyok a szituban, nem &#8222;nekem&#8221; nyitod meg magad, nem \u00e9n vagyok az aktor (ahogy az <a rel=\"noreferrer noopener\" href=\"https:\/\/pipiter-joga.hu\/en\/egyeni\/\" target=\"_blank\">egy\u00e9ni l\u00e9lekkommunik\u00e1ci\u00f3ban<\/a> is \u00e9n a k\u00f6zvet\u00edt\u0151 vagyok, nem az ir\u00e1ny\u00edt\u00f3, mert az a Lelked, ill. egy\u00e9b magas szint\u0171, tiszta energi\u00e1k)&#8230; sz\u00f3val rajtam <em>kereszt\u00fcl <\/em>nyitj\u00e1tok meg magatokat, m\u00e9gpedig nagyon magas szint\u0171, isteni tisztas\u00e1g\u00fa (a F\u00f6ld iskol\u00e1j\u00e1t m\u00e1r b\u0151ven kij\u00e1rt, itt is megvil\u00e1gosodott) Tan\u00edt\u00f3k, Guruk, Mesterek fel\u00e9, akik ott lesznek a t\u00e9rben energetikailag, \u00e9s tan\u00edtanak, gy\u00f3gy\u00edtanak rajtam kereszt\u00fcl. Teh\u00e1t tiszta, emel\u0151 energi\u00e1kat kapsz, amit a v\u00e9dett, tiszta, biztons\u00e1gos t\u00e9r is garant\u00e1l, amit nem csak \u00e9n magam tartok, hanem szint\u00e9n magas szint\u0171, isteni seg\u00edt\u0151k. Teh\u00e1t nem \u00e9rkezik semmilyen leh\u00faz\u00f3, manipulat\u00edv energia.<\/p>\n\n\n\n<p><em>\u27b8 Ha m\u00e9g nem \u00e9rzem \u00fagy, hogy megnyitn\u00e1m magam, akkor is \u00e9rdemes elmenni a tan\u00edt\u00e1sra?<\/em><br>\u2981 Aki megengedi, hogy bel\u00e9pjek az energiarendszer\u00e9be, annak sokkal hat\u00e1sosabb az alkalom, az \u00e1talakul\u00e1s;<br><strong>aki m\u00e9g nem meri ezt megengedni<\/strong>, arra is hat, de ink\u00e1bb a racion\u00e1lis agy\u00e1ra, a verb\u00e1lis \u00e1tad\u00e1s, a hallott sz\u00f6veg&#8230; \u00e9s ez <strong>rendben van<\/strong>, nem gond, <strong>nem szabad siettetni<\/strong>, majd meg\u00e9rik benned is, amikor m\u00e1r nem fogsz f\u00e9lni, meg mered engedni magadnak a kellemes \u00e9s emel\u0151 energi\u00e1kat, meg\u00e9l\u00e9seket, \u00e9s elkezdesz intenz\u00edvebben felf\u00e9nyesedni&#8230; Teh\u00e1t nincs ezzel gond, mindenki a saj\u00e1t \u00fatj\u00e1t j\u00e1rja, a saj\u00e1t \u00fctem\u00e9ben fejl\u0151dik, \u00e9s ez \u00edgy van rendj\u00e9n.<\/p>\n\n\n\n<p>\u27b8 <em>Mit okoz, ha engedem, hogy \u00e1tj\u00e1rjanak a magas szint\u0171 energi\u00e1k?<\/em><br>\u2981 Aki <em>sz\u00edvesen <\/em>(sz\u00edvb\u0151l) megnyitja mag\u00e1t \u00e9s enged\u00e9lyt ad, hogy bel\u00e9pjek, a blokkjai neki megfelel\u0151 intenzit\u00e1ssal elkezdenek lebomlani a nagyon magas szint\u0171 energia\u00e1raml\u00e1s hat\u00e1s\u00e1ra- \u00e9s a blokkok leboml\u00e1s\u00e1val egyre jobban be tud \u00e1ramolni a<strong> L\u00e9lek magas szint\u0171 f\u00e9nye, energi\u00e1ja<\/strong>, \u00e9s mivel jobban \u00e1tj\u00e1r, ebbe az ir\u00e1nyba \u00e1t is alak\u00edt: fokozatosan meg tudsz ny\u00edlni \u00e9s \u00edgy a h\u00e9tk\u00f6znapjaidban is egyre jobban m\u0171k\u00f6dni tudnak a magas rezg\u00e9s\u0171 \u00e9rz\u00e9sek, a magas szint\u0171 (b\u0151s\u00e9g, \u00f6r\u00f6m, szeretet, magabiztoss\u00e1g, el\u00e9gedetts\u00e9g, b\u00e9ke, stb) energia az energiarendszeredben\/ tudatodban. Azzal, hogy m\u0171k\u00f6d\u00e9sbe tudnak lend\u00fclni, az \u00e9leted minden ter\u00fclete magasabb szint\u0171v\u00e9 v\u00e1lik (fizikai eg\u00e9szs\u00e9g, \u00e9s \u00e9rzelmi kiegyens\u00falyozotts\u00e1g, t\u00e1mogat\u00f3, szeret\u0151 kapcsolatok, anyagi b\u0151s\u00e9g, kreativit\u00e1s, stb) &#8230; ezen fel\u00fcl az <strong>\u00daj Korszak vadi \u00faj energi\u00e1i <\/strong>is be tudnak \u00e9rkezni, \u00e9p\u00edteni \u00e9s sz\u00e9pen fejleszteni kezdenek m\u00e9g sz\u00e9lesebb sk\u00e1l\u00e1n&#8230;<\/p>\n\n\n\n<p>\u00d6sszess\u00e9g\u00e9ben teh\u00e1t ez a nagyon magas rezg\u00e9s\u0171 t\u00e9r, f\u0151k\u00e9nt, ha tudatosan beengeded, tiszt\u00edtja az energiarendszered\/ a tudatod a m\u00falt terheit\u0151l, a negat\u00edv hitrendszereidt\u0151l\/ leh\u00faz\u00f3 meggy\u0151z\u0151d\u00e9seidt\u0151l, \u00e9s nem csak a Lelked magas szint\u0171 f\u00e9ny\u00e9vel kapcsol \u00f6ssze, hanem seg\u00edt \u00e1tkalibr\u00e1lni Magad az \u00daj Korszakra, mivel ott nagyon magas rezg\u00e9sre, szupers\u00e9gre van lehet\u0151s\u00e9g, \u00e9s ezt el kell tudni b\u00edrni fizikailag (idegileg&#8230;), \u00e9rzelmileg \u00e9s energetikailag is\u2026<\/p>\n\n\n\n<p class=\"has-text-align-center\">\u22b1\u26ed\u263d\u2661\u22b0<\/p>\n\n\n\n<p>Ha lenne k\u00e9rd\u00e9sed m\u00e9g, <a rel=\"noreferrer noopener\" href=\"https:\/\/pipiter-joga.hu\/en\/kapcsolat\/\" data-type=\"page\" data-id=\"279\" target=\"_blank\">\u00edrj b\u00e1tran<\/a>. <\/p>\n\n\n\n<p>Mindegyik t\u00e9mak\u00f6r megv\u00e1s\u00e1rolhat\u00f3 a <a rel=\"noreferrer noopener\" href=\"https:\/\/pipiter-joga.hu\/en\/videok\/\" target=\"_blank\">vide\u00f3oldalon<\/a>.<\/p>\n\n\n\n<p>Itt az id\u0151, l\u00e9pj\u00fcnk be az \u00daj Korszak Aranykapuj\u00e1n m\u00e9lt\u00f3s\u00e1gunk \u00e9s lehet\u0151s\u00e9geink teljes tudat\u00e1ban! \u00c9lj\u00fcnk f\u00e9ny\u00fcnkkel, Lelk\u00fcnkkel, isteni lehet\u0151s\u00e9geinkkel, merj\u00fck megengedni magunknak a szabads\u00e1got \u00e9s \u00f6r\u00f6m\u00f6t!<br>V\u00e1rlak szeretettel!<br>Namaste \u2661<br>Bori<\/p>","protected":false},"excerpt":{"rendered":"<p>Nagyon sok tan\u00edt\u00e1st tal\u00e1lsz itt a honlapon, a blogon, illetve a youtube-csatorn\u00e1mon is, igyenesen. Ezek mind magas energi\u00e1kat tartalmaznak, isteni tan\u00edt\u00f3k t\u00e1mogat\u00e1s\u00e1val: azt javaslom, \u00fagy olvasd, hallgasd \u0151ket, hogy kijelented &#8222;Befogadom ebb\u0151l a tan\u00edt\u00e1sb\u00f3l, ami sz\u00e1momra emel\u0151, t\u00e1pl\u00e1l\u00f3, gy\u00f3gy\u00edt\u00f3&#8221; &#8211; \u00edgy akkor m\u00e9g hat\u00e9konyabban tudod felvenni az energiamint\u00e1kat, amelyek sz\u00e1modra \u00e9pp hasznosak, \u00e9s k\u00f6nnyebben \u00f6ssze&#8230; <a href=\"https:\/\/pipiter-joga.hu\/en\/tanitas-eloadas\/\">Continue reading <span class=\"screen-reader-text\">&#8222;Tan\u00edt\u00e1s\/ el\u0151ad\u00e1s&#8221;<\/span><\/a><\/p>","protected":false},"author":1,"featured_media":0,"parent":0,"menu_order":0,"comment_status":"closed","ping_status":"closed","template":"","meta":{"pmpro_default_level":"","footnotes":""},"class_list":["post-10212","page","type-page","status-publish","hentry","pmpro-has-access"],"_links":{"self":[{"href":"https:\/\/pipiter-joga.hu\/en\/wp-json\/wp\/v2\/pages\/10212","targetHints":{"allow":["GET"]}}],"collection":[{"href":"https:\/\/pipiter-joga.hu\/en\/wp-json\/wp\/v2\/pages"}],"about":[{"href":"https:\/\/pipiter-joga.hu\/en\/wp-json\/wp\/v2\/types\/page"}],"author":[{"embeddable":true,"href":"https:\/\/pipiter-joga.hu\/en\/wp-json\/wp\/v2\/users\/1"}],"replies":[{"embeddable":true,"href":"https:\/\/pipiter-joga.hu\/en\/wp-json\/wp\/v2\/comments?post=10212"}],"version-history":[{"count":51,"href":"https:\/\/pipiter-joga.hu\/en\/wp-json\/wp\/v2\/pages\/10212\/revisions"}],"predecessor-version":[{"id":20642,"href":"https:\/\/pipiter-joga.hu\/en\/wp-json\/wp\/v2\/pages\/10212\/revisions\/20642"}],"wp:attachment":[{"href":"https:\/\/pipiter-joga.hu\/en\/wp-json\/wp\/v2\/media?parent=10212"}],"curies":[{"name":"wp","href":"https:\/\/api.w.org\/{rel}","templated":true}]}}